{"id":855,"date":"2022-07-31T15:00:21","date_gmt":"2022-07-31T13:00:21","guid":{"rendered":"https:\/\/krippenfreunde-schnaittenbach.de\/?page_id=855"},"modified":"2024-11-01T12:08:43","modified_gmt":"2024-11-01T11:08:43","slug":"unsere-projekte","status":"publish","type":"page","link":"https:\/\/krippenfreunde-schnaittenbach.de\/index.php\/unsere-projekte\/","title":{"rendered":"Unsere Projekte"},"content":{"rendered":"\n<div class=\"wp-block-columns is-layout-flex wp-container-core-columns-is-layout-1 wp-block-columns-is-layout-flex\">\n<div class=\"wp-block-column is-layout-flow wp-block-column-is-layout-flow\">\n<figure class=\"wp-block-image size-large is-style-rounded\"><img fetchpriority=\"high\" decoding=\"async\" width=\"1024\" height=\"685\" src=\"https:\/\/krippenfreunde-schnaittenbach.de\/wp-content\/uploads\/2024\/11\/DSC2882-1024x685.jpg\" alt=\"\" class=\"wp-image-1261\" srcset=\"https:\/\/krippenfreunde-schnaittenbach.de\/wp-content\/uploads\/2024\/11\/DSC2882-1024x685.jpg 1024w, https:\/\/krippenfreunde-schnaittenbach.de\/wp-content\/uploads\/2024\/11\/DSC2882-300x201.jpg 300w, https:\/\/krippenfreunde-schnaittenbach.de\/wp-content\/uploads\/2024\/11\/DSC2882-768x514.jpg 768w, https:\/\/krippenfreunde-schnaittenbach.de\/wp-content\/uploads\/2024\/11\/DSC2882-1536x1028.jpg 1536w, https:\/\/krippenfreunde-schnaittenbach.de\/wp-content\/uploads\/2024\/11\/DSC2882-2048x1371.jpg 2048w, https:\/\/krippenfreunde-schnaittenbach.de\/wp-content\/uploads\/2024\/11\/DSC2882-1320x884.jpg 1320w\" sizes=\"(max-width: 1024px) 100vw, 1024px\" \/><\/figure>\n\n\n\n<p><strong>Krippenbaukurse f\u00fcr Kinder<br><\/strong>Schon seit dem Jahr der Gr\u00fcndung bieten wir im Sommer Krippenbaukurse f\u00fcr Kinder an. An drei oder vier Tagen entstehen mit unserer Unterst\u00fctzung kleine Krippenbauwerke, meist die ersten Krippen im Leben unseres Krippennachwuchses und eine sch\u00f6ne Erinnerung.<br>Leider hat Corona gerade in diesem Bereich eine Unterbrechnung erforderlich gemacht. Aber f\u00fcr 2022 kann endlich wieder ein Krippenbaukurs f\u00fcr Kinder durchgef\u00fchrt werden.<\/p>\n<\/div>\n\n\n\n<div class=\"wp-block-column is-layout-flow wp-block-column-is-layout-flow\">\n<figure class=\"wp-block-image size-large is-style-rounded\"><img decoding=\"async\" width=\"1024\" height=\"683\" src=\"https:\/\/krippenfreunde-schnaittenbach.de\/wp-content\/uploads\/2022\/08\/IMG_5179-1728x1152-1-1024x683.jpg\" alt=\"\" class=\"wp-image-876\" srcset=\"https:\/\/krippenfreunde-schnaittenbach.de\/wp-content\/uploads\/2022\/08\/IMG_5179-1728x1152-1-1024x683.jpg 1024w, https:\/\/krippenfreunde-schnaittenbach.de\/wp-content\/uploads\/2022\/08\/IMG_5179-1728x1152-1-300x200.jpg 300w, https:\/\/krippenfreunde-schnaittenbach.de\/wp-content\/uploads\/2022\/08\/IMG_5179-1728x1152-1-768x512.jpg 768w, https:\/\/krippenfreunde-schnaittenbach.de\/wp-content\/uploads\/2022\/08\/IMG_5179-1728x1152-1-1536x1024.jpg 1536w, https:\/\/krippenfreunde-schnaittenbach.de\/wp-content\/uploads\/2022\/08\/IMG_5179-1728x1152-1-1320x880.jpg 1320w, https:\/\/krippenfreunde-schnaittenbach.de\/wp-content\/uploads\/2022\/08\/IMG_5179-1728x1152-1.jpg 1728w\" sizes=\"(max-width: 1024px) 100vw, 1024px\" \/><\/figure>\n\n\n\n<p><strong>Krippenbaukurse f\u00fcr Erwachsene<\/strong><br>\u201eIn jeder Familie eine Krippe\u201c \u2013 so k\u00f6nnte man das Motto bezeichnen, unter dem unsere Krippenbaukurse stattfinden. Dabei versuchen wir, jedes Jahr einen anderen Krippenbaumeister als Kursleiter zu finden, um so im Laufe der Jahre eine gr\u00f6\u00dftm\u00f6gliche Vielfalt zu schaffen. Bei den Baukursen entstehen kunsthandwerkliche Krippenbauwerke nach individuellen Vorstellungen der Teilnehmer, sowohl in heimatlicher als auch orientalischer Stilrichtung. Dabei stehen unsere vereinsinternen Kurshelfer w\u00e4hrend der Baukurse und oft auch dar\u00fcberhinaus mit Rat und Tat zur Seite.<\/p>\n<\/div>\n\n\n\n<div class=\"wp-block-column is-layout-flow wp-block-column-is-layout-flow\">\n<figure class=\"wp-block-image size-large is-style-rounded\"><img decoding=\"async\" width=\"1024\" height=\"683\" src=\"https:\/\/krippenfreunde-schnaittenbach.de\/wp-content\/uploads\/2022\/08\/01-IMG_1624-1728x1152-1-1024x683.jpg\" alt=\"\" class=\"wp-image-877\" srcset=\"https:\/\/krippenfreunde-schnaittenbach.de\/wp-content\/uploads\/2022\/08\/01-IMG_1624-1728x1152-1-1024x683.jpg 1024w, https:\/\/krippenfreunde-schnaittenbach.de\/wp-content\/uploads\/2022\/08\/01-IMG_1624-1728x1152-1-300x200.jpg 300w, https:\/\/krippenfreunde-schnaittenbach.de\/wp-content\/uploads\/2022\/08\/01-IMG_1624-1728x1152-1-768x512.jpg 768w, https:\/\/krippenfreunde-schnaittenbach.de\/wp-content\/uploads\/2022\/08\/01-IMG_1624-1728x1152-1-1536x1024.jpg 1536w, https:\/\/krippenfreunde-schnaittenbach.de\/wp-content\/uploads\/2022\/08\/01-IMG_1624-1728x1152-1-1320x880.jpg 1320w, https:\/\/krippenfreunde-schnaittenbach.de\/wp-content\/uploads\/2022\/08\/01-IMG_1624-1728x1152-1.jpg 1728w\" sizes=\"(max-width: 1024px) 100vw, 1024px\" \/><\/figure>\n\n\n\n<p><strong>Unsere Freikrippe<br><\/strong>Vermutlich jeder Krippenverein wird fr\u00fcher oder sp\u00e4ter eine eigene Vereinskrippe sein eigen nennen. Bei uns fanden diese \u00dcberlegungen erstmals im Jahr 2020 bei den Vorbereitungen auf den ersten Schnaittenbacher Krippenweg statt. Nat\u00fcrlich wollten wir auch selbst mit einer Krippendarstellung zum Krippenweg beitragen. Im Laufe der Zeit hat sich die Idee verfestigt, unser Vereinslogo als gro\u00dfe Darstellung in Stahlblech und Rostoptik umzusetzen und darzustellen. Wir finden, ein au\u00dfergew\u00f6hnliches und gelungenes Werk.<\/p>\n<\/div>\n<\/div>\n\n\n\n<div class=\"wp-block-columns is-layout-flex wp-container-core-columns-is-layout-2 wp-block-columns-is-layout-flex\">\n<div class=\"wp-block-column is-layout-flow wp-block-column-is-layout-flow\">\n<figure class=\"wp-block-image size-large is-style-rounded\"><img loading=\"lazy\" decoding=\"async\" width=\"1024\" height=\"685\" src=\"https:\/\/krippenfreunde-schnaittenbach.de\/wp-content\/uploads\/2022\/08\/DSC1155-1936x1296-1-1024x685.jpg\" alt=\"\" class=\"wp-image-878\" srcset=\"https:\/\/krippenfreunde-schnaittenbach.de\/wp-content\/uploads\/2022\/08\/DSC1155-1936x1296-1-1024x685.jpg 1024w, https:\/\/krippenfreunde-schnaittenbach.de\/wp-content\/uploads\/2022\/08\/DSC1155-1936x1296-1-300x201.jpg 300w, https:\/\/krippenfreunde-schnaittenbach.de\/wp-content\/uploads\/2022\/08\/DSC1155-1936x1296-1-768x514.jpg 768w, https:\/\/krippenfreunde-schnaittenbach.de\/wp-content\/uploads\/2022\/08\/DSC1155-1936x1296-1-1536x1028.jpg 1536w, https:\/\/krippenfreunde-schnaittenbach.de\/wp-content\/uploads\/2022\/08\/DSC1155-1936x1296-1-1320x884.jpg 1320w, https:\/\/krippenfreunde-schnaittenbach.de\/wp-content\/uploads\/2022\/08\/DSC1155-1936x1296-1.jpg 1936w\" sizes=\"(max-width: 1024px) 100vw, 1024px\" \/><\/figure>\n\n\n\n<p><strong>Krippenausstellungen<br><\/strong>Ein Zweck gem. der Satzung des Vereins ist die Abhaltung von Krippenausstellungen, um der Bev\u00f6lkerung aller Altersschichten das durchaus lebendige Krippenbrauchtum n\u00e4her zu bringen. Zudem ist die Krippenausstellung, die im zweij\u00e4hrigen Turnus im Wechsel mit dem Krippenweg im Kulturstodl beim neuen Rathaus stattfindet, eine echte Bereicherung f\u00fcr den Advents- und Weihnachtsmarkt.<\/p>\n<\/div>\n\n\n\n<div class=\"wp-block-column is-layout-flow wp-block-column-is-layout-flow\">\n<figure class=\"wp-block-image size-large is-style-default\"><img loading=\"lazy\" decoding=\"async\" width=\"594\" height=\"555\" src=\"https:\/\/krippenfreunde-schnaittenbach.de\/wp-content\/uploads\/2022\/08\/Krippenweg.jpg\" alt=\"\" class=\"wp-image-879\" srcset=\"https:\/\/krippenfreunde-schnaittenbach.de\/wp-content\/uploads\/2022\/08\/Krippenweg.jpg 594w, https:\/\/krippenfreunde-schnaittenbach.de\/wp-content\/uploads\/2022\/08\/Krippenweg-300x280.jpg 300w\" sizes=\"(max-width: 594px) 100vw, 594px\" \/><\/figure>\n\n\n\n<p><strong>Krippenweg<br><\/strong>Schon bei der Vorbereitung der Vereinsgr\u00fcndung im Jahr 2019 wurde die Idee eines Krippenwegs durch Schnaittenbach vorgeschlagen und diskutiert. Diesem Auftrag haben wir Folge geleistet und im Sommer 2020 mit der Vorbereitung des ersten Schnaittenbacher Krippenweges begonnen. Aufgrund der Corona-Pandemie, die im Winter 2020 nahezu alle \u00f6ffentliche Veranstaltungen zum Erliegen brachte, war der Krippenweg im Advent eine der wenigen Veranstaltungen, die \u00fcberhaupt stattfinden konnten. Nicht zuletzt deshalb war der Krippenweg in diesem Corona-Winter eine gro\u00dfe kulturelle Bereicherung in Schnaittenbach und fand ein gro\u00dfes \u00fcberregionales Interesse.<\/p>\n<\/div>\n\n\n\n<div class=\"wp-block-column is-layout-flow wp-block-column-is-layout-flow\">\n<figure class=\"wp-block-image size-large is-style-rounded\"><img loading=\"lazy\" decoding=\"async\" width=\"1024\" height=\"683\" src=\"https:\/\/krippenfreunde-schnaittenbach.de\/wp-content\/uploads\/2022\/08\/IMG_0693-1728x1152-1-1024x683.jpg\" alt=\"\" class=\"wp-image-884\" srcset=\"https:\/\/krippenfreunde-schnaittenbach.de\/wp-content\/uploads\/2022\/08\/IMG_0693-1728x1152-1-1024x683.jpg 1024w, https:\/\/krippenfreunde-schnaittenbach.de\/wp-content\/uploads\/2022\/08\/IMG_0693-1728x1152-1-300x200.jpg 300w, https:\/\/krippenfreunde-schnaittenbach.de\/wp-content\/uploads\/2022\/08\/IMG_0693-1728x1152-1-768x512.jpg 768w, https:\/\/krippenfreunde-schnaittenbach.de\/wp-content\/uploads\/2022\/08\/IMG_0693-1728x1152-1-1536x1024.jpg 1536w, https:\/\/krippenfreunde-schnaittenbach.de\/wp-content\/uploads\/2022\/08\/IMG_0693-1728x1152-1-1320x880.jpg 1320w, https:\/\/krippenfreunde-schnaittenbach.de\/wp-content\/uploads\/2022\/08\/IMG_0693-1728x1152-1.jpg 1728w\" sizes=\"(max-width: 1024px) 100vw, 1024px\" \/><\/figure>\n\n\n\n<p><strong>Krippen betreuen und erwerben<br><\/strong>Auch dieses Thema steht in unserer Vereinssatzung. F\u00fcr die Betreuung einer Krippe, z. B. in der \u00f6rtlichen Pfarrkirche, besteht bisher noch kein Bedarf, wir stehen daf\u00fcr aber jederzeit zur Verf\u00fcgung.<br>Neben unserer Freikrippe haben wir im Fr\u00fchjahr 2022 aus dem Nachlass des verstorbenen Krippenfreundes Rudi Pickl aus Sulzbach-Rosenberg eine gro\u00dfe orientalische Krippe erhalten. Den dazugeh\u00f6rigen Figurensatz konnten wir bald darauf kosteng\u00fcnstig erwerben. Damit war der Grundstock f\u00fcr unsere vereinseigenen Krippensammlung gelegt.<\/p>\n<\/div>\n<\/div>\n\n\n\n<div class=\"wp-block-columns is-layout-flex wp-container-core-columns-is-layout-3 wp-block-columns-is-layout-flex\">\n<div class=\"wp-block-column is-layout-flow wp-block-column-is-layout-flow\">\n<figure class=\"wp-block-image size-large is-style-rounded\"><img loading=\"lazy\" decoding=\"async\" width=\"1024\" height=\"920\" src=\"https:\/\/krippenfreunde-schnaittenbach.de\/wp-content\/uploads\/2022\/08\/IMG_5216-1728x1152-A-1024x920.jpg\" alt=\"\" class=\"wp-image-887\" srcset=\"https:\/\/krippenfreunde-schnaittenbach.de\/wp-content\/uploads\/2022\/08\/IMG_5216-1728x1152-A-1024x920.jpg 1024w, https:\/\/krippenfreunde-schnaittenbach.de\/wp-content\/uploads\/2022\/08\/IMG_5216-1728x1152-A-300x270.jpg 300w, https:\/\/krippenfreunde-schnaittenbach.de\/wp-content\/uploads\/2022\/08\/IMG_5216-1728x1152-A-768x690.jpg 768w, https:\/\/krippenfreunde-schnaittenbach.de\/wp-content\/uploads\/2022\/08\/IMG_5216-1728x1152-A-rotated.jpg 1132w\" sizes=\"(max-width: 1024px) 100vw, 1024px\" \/><\/figure>\n\n\n\n<p><strong>Herbergstragen im Advent<br><\/strong>Gelebtes Brauchtum im Advent und in der Vorweihnachtszeit vor allem in Bayern und Tirol ist das sogenannte Frauentragen. In Abwandlung dieses sch\u00f6nen Brauchs geht bei manchen Krippenvereinen allj\u00e4hrlich ein \u201eHerbergskastl\u201c, also eine Krippendarstellung der Herbergssuche, von Haus zu Haus. Wir haben dieses sch\u00f6ne, althergebrachte Brauchtum erstmals im Advent 2021 als Gemeinschaftsaktion angeboten. Die Nachfrage war so gro\u00df, dass das Herbergskastl jeden Tag bzw. Abend in einer anderen Familie zu Gast war. Bleibt zu hoffen, dass sich dieses Brauchtum etabliert und uns lange erhalten bleibt.&nbsp;<\/p>\n<\/div>\n\n\n\n<div class=\"wp-block-column is-layout-flow wp-block-column-is-layout-flow\">\n<figure class=\"wp-block-image size-large is-style-rounded\"><img loading=\"lazy\" decoding=\"async\" width=\"1024\" height=\"683\" src=\"https:\/\/krippenfreunde-schnaittenbach.de\/wp-content\/uploads\/2022\/08\/IMG_6504-1728x1152-2-1024x683.jpg\" alt=\"\" class=\"wp-image-881\" srcset=\"https:\/\/krippenfreunde-schnaittenbach.de\/wp-content\/uploads\/2022\/08\/IMG_6504-1728x1152-2-1024x683.jpg 1024w, https:\/\/krippenfreunde-schnaittenbach.de\/wp-content\/uploads\/2022\/08\/IMG_6504-1728x1152-2-300x200.jpg 300w, https:\/\/krippenfreunde-schnaittenbach.de\/wp-content\/uploads\/2022\/08\/IMG_6504-1728x1152-2-768x512.jpg 768w, https:\/\/krippenfreunde-schnaittenbach.de\/wp-content\/uploads\/2022\/08\/IMG_6504-1728x1152-2-1536x1024.jpg 1536w, https:\/\/krippenfreunde-schnaittenbach.de\/wp-content\/uploads\/2022\/08\/IMG_6504-1728x1152-2-1320x880.jpg 1320w, https:\/\/krippenfreunde-schnaittenbach.de\/wp-content\/uploads\/2022\/08\/IMG_6504-1728x1152-2.jpg 1728w\" sizes=\"(max-width: 1024px) 100vw, 1024px\" \/><\/figure>\n\n\n\n<p><strong>Krippenbrauchtum<br><\/strong>Allgemeines und wichtigstes Ziel bei der Gr\u00fcndung des Krippenvereins war, das durchaus vorhandene Krippenbrauchtum in Schnaittenbach und Umgebung aufrechtzuerhalten, wieder zu beleben und mit neuen Elementen und Ideen zu versorgen. Brauchtum bedeutet nicht nur, Althergebrachtes beizubehalten, sondern eben auch neue Ideen zu entwicklen und in das Vereinsleben zu integrieren, frei nach dem Motto \u201eTradition ist wie eine Laterne, der Dumme h\u00e4lt sich an ihr fest, dem Klugen leuchtet sie den Weg.\u201c<br>Da wir nicht auf einen gro\u00dfen Fundus an Brauchtum zur\u00fcckgreifen k\u00f6nnen, arbeiten wir mit unseren Aktivit\u00e4ten an neuen Traditionen und k\u00f6nnen so vielleicht irgendwann einmal  nachfolgenden Generationen  gelebtes und althergebrachtes Krippenbrauchtum \u00fcbergeben.<\/p>\n<\/div>\n\n\n\n<div class=\"wp-block-column is-layout-flow wp-block-column-is-layout-flow\">\n<figure class=\"wp-block-image size-large is-style-rounded\"><img loading=\"lazy\" decoding=\"async\" width=\"1024\" height=\"683\" src=\"https:\/\/krippenfreunde-schnaittenbach.de\/wp-content\/uploads\/2022\/08\/IMG_3126-1728x1152-1-1024x683.jpg\" alt=\"\" class=\"wp-image-882\" srcset=\"https:\/\/krippenfreunde-schnaittenbach.de\/wp-content\/uploads\/2022\/08\/IMG_3126-1728x1152-1-1024x683.jpg 1024w, https:\/\/krippenfreunde-schnaittenbach.de\/wp-content\/uploads\/2022\/08\/IMG_3126-1728x1152-1-300x200.jpg 300w, https:\/\/krippenfreunde-schnaittenbach.de\/wp-content\/uploads\/2022\/08\/IMG_3126-1728x1152-1-768x512.jpg 768w, https:\/\/krippenfreunde-schnaittenbach.de\/wp-content\/uploads\/2022\/08\/IMG_3126-1728x1152-1-1536x1024.jpg 1536w, https:\/\/krippenfreunde-schnaittenbach.de\/wp-content\/uploads\/2022\/08\/IMG_3126-1728x1152-1-1320x880.jpg 1320w, https:\/\/krippenfreunde-schnaittenbach.de\/wp-content\/uploads\/2022\/08\/IMG_3126-1728x1152-1.jpg 1728w\" sizes=\"(max-width: 1024px) 100vw, 1024px\" \/><\/figure>\n\n\n\n<p><strong>Geselligkeit<br><\/strong>Wie bei anderen Vereinen pflegen nat\u00fcrlich auch wir hin und wieder die Geselligkeit und Gem\u00fctlichkeit. Bei unseren geselligen Nachmittagen im Herbst und seit 2022 bei gelegentlichen Krippenfreunde-Stammtischen im Kellerh\u00e4usl sitzen wir in gem\u00fctlicher Runde beisammen, wobei es meist nicht ganz ohne Fachsimpelei zum Thema Krippe geht.<br>Dazu geh\u00f6rt nat\u00fcrlich auch, dass wir bei runden Geburtstagen sowie Polterabenden oder Hochzeiten vertreten sind und unseren Mitgliedern gratulieren und Alles Gute w\u00fcnschen.<\/p>\n<\/div>\n<\/div>\n","protected":false},"excerpt":{"rendered":"<p>Krippenbaukurse f\u00fcr KinderSchon seit dem Jahr der Gr\u00fcndung bieten wir im Sommer Krippenbaukurse f\u00fcr Kinder an. An drei oder vier Tagen entstehen mit unserer Unterst\u00fctzung kleine Krippenbauwerke, meist die ersten Krippen im Leben unseres Krippennachwuchses und eine sch\u00f6ne Erinnerung.Leider hat Corona gerade in diesem Bereich eine Unterbrechnung erforderlich gemacht. Aber f\u00fcr 2022 kann endlich wieder<\/p><\/div>\n<div class=\"blog-btn\"><a href=\"https:\/\/krippenfreunde-schnaittenbach.de\/index.php\/unsere-projekte\/\" class=\"home-blog-btn\">Weiterlesen<\/a><\/p>\n","protected":false},"author":2,"featured_media":0,"parent":0,"menu_order":0,"comment_status":"closed","ping_status":"closed","template":"","meta":{"footnotes":""},"class_list":["post-855","page","type-page","status-publish","hentry"],"yoast_head":"<!-- This site is optimized with the Yoast SEO plugin v24.2 - https:\/\/yoast.com\/wordpress\/plugins\/seo\/ -->\n<title>Unsere Projekte - Krippenfreunde Schnaittenbach<\/title>\n<meta name=\"robots\" content=\"index, follow, max-snippet:-1, max-image-preview:large, max-video-preview:-1\" \/>\n<link rel=\"canonical\" href=\"https:\/\/krippenfreunde-schnaittenbach.de\/index.php\/unsere-projekte\/\" \/>\n<meta property=\"og:locale\" content=\"de_DE\" \/>\n<meta property=\"og:type\" content=\"article\" \/>\n<meta property=\"og:title\" content=\"Unsere Projekte - Krippenfreunde Schnaittenbach\" \/>\n<meta property=\"og:description\" content=\"Krippenbaukurse f\u00fcr KinderSchon seit dem Jahr der Gr\u00fcndung bieten wir im Sommer Krippenbaukurse f\u00fcr Kinder an. An drei oder vier Tagen entstehen mit unserer Unterst\u00fctzung kleine Krippenbauwerke, meist die ersten Krippen im Leben unseres Krippennachwuchses und eine sch\u00f6ne Erinnerung.Leider hat Corona gerade in diesem Bereich eine Unterbrechnung erforderlich gemacht. Aber f\u00fcr 2022 kann endlich wiederWeiterlesen\" \/>\n<meta property=\"og:url\" content=\"https:\/\/krippenfreunde-schnaittenbach.de\/index.php\/unsere-projekte\/\" \/>\n<meta property=\"og:site_name\" content=\"Krippenfreunde Schnaittenbach\" \/>\n<meta property=\"article:modified_time\" content=\"2024-11-01T11:08:43+00:00\" \/>\n<meta property=\"og:image\" content=\"https:\/\/krippenfreunde-schnaittenbach.de\/wp-content\/uploads\/2024\/11\/DSC2882-1024x685.jpg\" \/>\n<meta name=\"twitter:card\" content=\"summary_large_image\" \/>\n<meta name=\"twitter:label1\" content=\"Gesch\u00e4tzte Lesezeit\" \/>\n\t<meta name=\"twitter:data1\" content=\"4\u00a0Minuten\" \/>\n<script type=\"application\/ld+json\" class=\"yoast-schema-graph\">{\"@context\":\"https:\/\/schema.org\",\"@graph\":[{\"@type\":\"WebPage\",\"@id\":\"https:\/\/krippenfreunde-schnaittenbach.de\/index.php\/unsere-projekte\/\",\"url\":\"https:\/\/krippenfreunde-schnaittenbach.de\/index.php\/unsere-projekte\/\",\"name\":\"Unsere Projekte - Krippenfreunde Schnaittenbach\",\"isPartOf\":{\"@id\":\"https:\/\/krippenfreunde-schnaittenbach.de\/#website\"},\"primaryImageOfPage\":{\"@id\":\"https:\/\/krippenfreunde-schnaittenbach.de\/index.php\/unsere-projekte\/#primaryimage\"},\"image\":{\"@id\":\"https:\/\/krippenfreunde-schnaittenbach.de\/index.php\/unsere-projekte\/#primaryimage\"},\"thumbnailUrl\":\"https:\/\/krippenfreunde-schnaittenbach.de\/wp-content\/uploads\/2024\/11\/DSC2882-1024x685.jpg\",\"datePublished\":\"2022-07-31T13:00:21+00:00\",\"dateModified\":\"2024-11-01T11:08:43+00:00\",\"breadcrumb\":{\"@id\":\"https:\/\/krippenfreunde-schnaittenbach.de\/index.php\/unsere-projekte\/#breadcrumb\"},\"inLanguage\":\"de\",\"potentialAction\":[{\"@type\":\"ReadAction\",\"target\":[\"https:\/\/krippenfreunde-schnaittenbach.de\/index.php\/unsere-projekte\/\"]}]},{\"@type\":\"ImageObject\",\"inLanguage\":\"de\",\"@id\":\"https:\/\/krippenfreunde-schnaittenbach.de\/index.php\/unsere-projekte\/#primaryimage\",\"url\":\"https:\/\/krippenfreunde-schnaittenbach.de\/wp-content\/uploads\/2024\/11\/DSC2882-scaled.jpg\",\"contentUrl\":\"https:\/\/krippenfreunde-schnaittenbach.de\/wp-content\/uploads\/2024\/11\/DSC2882-scaled.jpg\",\"width\":2560,\"height\":1714},{\"@type\":\"BreadcrumbList\",\"@id\":\"https:\/\/krippenfreunde-schnaittenbach.de\/index.php\/unsere-projekte\/#breadcrumb\",\"itemListElement\":[{\"@type\":\"ListItem\",\"position\":1,\"name\":\"Startseite\",\"item\":\"https:\/\/krippenfreunde-schnaittenbach.de\/\"},{\"@type\":\"ListItem\",\"position\":2,\"name\":\"Unsere Projekte\"}]},{\"@type\":\"WebSite\",\"@id\":\"https:\/\/krippenfreunde-schnaittenbach.de\/#website\",\"url\":\"https:\/\/krippenfreunde-schnaittenbach.de\/\",\"name\":\"Krippenfreunde Schnaittenbach\",\"description\":\"\",\"publisher\":{\"@id\":\"https:\/\/krippenfreunde-schnaittenbach.de\/#organization\"},\"potentialAction\":[{\"@type\":\"SearchAction\",\"target\":{\"@type\":\"EntryPoint\",\"urlTemplate\":\"https:\/\/krippenfreunde-schnaittenbach.de\/?s={search_term_string}\"},\"query-input\":{\"@type\":\"PropertyValueSpecification\",\"valueRequired\":true,\"valueName\":\"search_term_string\"}}],\"inLanguage\":\"de\"},{\"@type\":\"Organization\",\"@id\":\"https:\/\/krippenfreunde-schnaittenbach.de\/#organization\",\"name\":\"Krippenfreunde Schnaittenbach\",\"url\":\"https:\/\/krippenfreunde-schnaittenbach.de\/\",\"logo\":{\"@type\":\"ImageObject\",\"inLanguage\":\"de\",\"@id\":\"https:\/\/krippenfreunde-schnaittenbach.de\/#\/schema\/logo\/image\/\",\"url\":\"https:\/\/krippenfreunde-schnaittenbach.de\/wp-content\/uploads\/2019\/06\/LogoLR-2.png\",\"contentUrl\":\"https:\/\/krippenfreunde-schnaittenbach.de\/wp-content\/uploads\/2019\/06\/LogoLR-2.png\",\"width\":100,\"height\":100,\"caption\":\"Krippenfreunde Schnaittenbach\"},\"image\":{\"@id\":\"https:\/\/krippenfreunde-schnaittenbach.de\/#\/schema\/logo\/image\/\"}}]}<\/script>\n<!-- \/ Yoast SEO plugin. -->","yoast_head_json":{"title":"Unsere Projekte - Krippenfreunde Schnaittenbach","robots":{"index":"index","follow":"follow","max-snippet":"max-snippet:-1","max-image-preview":"max-image-preview:large","max-video-preview":"max-video-preview:-1"},"canonical":"https:\/\/krippenfreunde-schnaittenbach.de\/index.php\/unsere-projekte\/","og_locale":"de_DE","og_type":"article","og_title":"Unsere Projekte - Krippenfreunde Schnaittenbach","og_description":"Krippenbaukurse f\u00fcr KinderSchon seit dem Jahr der Gr\u00fcndung bieten wir im Sommer Krippenbaukurse f\u00fcr Kinder an. An drei oder vier Tagen entstehen mit unserer Unterst\u00fctzung kleine Krippenbauwerke, meist die ersten Krippen im Leben unseres Krippennachwuchses und eine sch\u00f6ne Erinnerung.Leider hat Corona gerade in diesem Bereich eine Unterbrechnung erforderlich gemacht. Aber f\u00fcr 2022 kann endlich wiederWeiterlesen","og_url":"https:\/\/krippenfreunde-schnaittenbach.de\/index.php\/unsere-projekte\/","og_site_name":"Krippenfreunde Schnaittenbach","article_modified_time":"2024-11-01T11:08:43+00:00","og_image":[{"url":"https:\/\/krippenfreunde-schnaittenbach.de\/wp-content\/uploads\/2024\/11\/DSC2882-1024x685.jpg","type":"","width":"","height":""}],"twitter_card":"summary_large_image","twitter_misc":{"Gesch\u00e4tzte Lesezeit":"4\u00a0Minuten"},"schema":{"@context":"https:\/\/schema.org","@graph":[{"@type":"WebPage","@id":"https:\/\/krippenfreunde-schnaittenbach.de\/index.php\/unsere-projekte\/","url":"https:\/\/krippenfreunde-schnaittenbach.de\/index.php\/unsere-projekte\/","name":"Unsere Projekte - Krippenfreunde Schnaittenbach","isPartOf":{"@id":"https:\/\/krippenfreunde-schnaittenbach.de\/#website"},"primaryImageOfPage":{"@id":"https:\/\/krippenfreunde-schnaittenbach.de\/index.php\/unsere-projekte\/#primaryimage"},"image":{"@id":"https:\/\/krippenfreunde-schnaittenbach.de\/index.php\/unsere-projekte\/#primaryimage"},"thumbnailUrl":"https:\/\/krippenfreunde-schnaittenbach.de\/wp-content\/uploads\/2024\/11\/DSC2882-1024x685.jpg","datePublished":"2022-07-31T13:00:21+00:00","dateModified":"2024-11-01T11:08:43+00:00","breadcrumb":{"@id":"https:\/\/krippenfreunde-schnaittenbach.de\/index.php\/unsere-projekte\/#breadcrumb"},"inLanguage":"de","potentialAction":[{"@type":"ReadAction","target":["https:\/\/krippenfreunde-schnaittenbach.de\/index.php\/unsere-projekte\/"]}]},{"@type":"ImageObject","inLanguage":"de","@id":"https:\/\/krippenfreunde-schnaittenbach.de\/index.php\/unsere-projekte\/#primaryimage","url":"https:\/\/krippenfreunde-schnaittenbach.de\/wp-content\/uploads\/2024\/11\/DSC2882-scaled.jpg","contentUrl":"https:\/\/krippenfreunde-schnaittenbach.de\/wp-content\/uploads\/2024\/11\/DSC2882-scaled.jpg","width":2560,"height":1714},{"@type":"BreadcrumbList","@id":"https:\/\/krippenfreunde-schnaittenbach.de\/index.php\/unsere-projekte\/#breadcrumb","itemListElement":[{"@type":"ListItem","position":1,"name":"Startseite","item":"https:\/\/krippenfreunde-schnaittenbach.de\/"},{"@type":"ListItem","position":2,"name":"Unsere Projekte"}]},{"@type":"WebSite","@id":"https:\/\/krippenfreunde-schnaittenbach.de\/#website","url":"https:\/\/krippenfreunde-schnaittenbach.de\/","name":"Krippenfreunde Schnaittenbach","description":"","publisher":{"@id":"https:\/\/krippenfreunde-schnaittenbach.de\/#organization"},"potentialAction":[{"@type":"SearchAction","target":{"@type":"EntryPoint","urlTemplate":"https:\/\/krippenfreunde-schnaittenbach.de\/?s={search_term_string}"},"query-input":{"@type":"PropertyValueSpecification","valueRequired":true,"valueName":"search_term_string"}}],"inLanguage":"de"},{"@type":"Organization","@id":"https:\/\/krippenfreunde-schnaittenbach.de\/#organization","name":"Krippenfreunde Schnaittenbach","url":"https:\/\/krippenfreunde-schnaittenbach.de\/","logo":{"@type":"ImageObject","inLanguage":"de","@id":"https:\/\/krippenfreunde-schnaittenbach.de\/#\/schema\/logo\/image\/","url":"https:\/\/krippenfreunde-schnaittenbach.de\/wp-content\/uploads\/2019\/06\/LogoLR-2.png","contentUrl":"https:\/\/krippenfreunde-schnaittenbach.de\/wp-content\/uploads\/2019\/06\/LogoLR-2.png","width":100,"height":100,"caption":"Krippenfreunde Schnaittenbach"},"image":{"@id":"https:\/\/krippenfreunde-schnaittenbach.de\/#\/schema\/logo\/image\/"}}]}},"_links":{"self":[{"href":"https:\/\/krippenfreunde-schnaittenbach.de\/index.php\/wp-json\/wp\/v2\/pages\/855","targetHints":{"allow":["GET"]}}],"collection":[{"href":"https:\/\/krippenfreunde-schnaittenbach.de\/index.php\/wp-json\/wp\/v2\/pages"}],"about":[{"href":"https:\/\/krippenfreunde-schnaittenbach.de\/index.php\/wp-json\/wp\/v2\/types\/page"}],"author":[{"embeddable":true,"href":"https:\/\/krippenfreunde-schnaittenbach.de\/index.php\/wp-json\/wp\/v2\/users\/2"}],"replies":[{"embeddable":true,"href":"https:\/\/krippenfreunde-schnaittenbach.de\/index.php\/wp-json\/wp\/v2\/comments?post=855"}],"version-history":[{"count":15,"href":"https:\/\/krippenfreunde-schnaittenbach.de\/index.php\/wp-json\/wp\/v2\/pages\/855\/revisions"}],"predecessor-version":[{"id":1262,"href":"https:\/\/krippenfreunde-schnaittenbach.de\/index.php\/wp-json\/wp\/v2\/pages\/855\/revisions\/1262"}],"wp:attachment":[{"href":"https:\/\/krippenfreunde-schnaittenbach.de\/index.php\/wp-json\/wp\/v2\/media?parent=855"}],"curies":[{"name":"wp","href":"https:\/\/api.w.org\/{rel}","templated":true}]}}