{"id":403,"date":"2020-12-01T22:25:27","date_gmt":"2020-12-01T21:25:27","guid":{"rendered":"https:\/\/krippenfreunde-schnaittenbach.de\/?page_id=403"},"modified":"2026-01-14T22:29:02","modified_gmt":"2026-01-14T21:29:02","slug":"chronik","status":"publish","type":"page","link":"https:\/\/krippenfreunde-schnaittenbach.de\/index.php\/chronik\/","title":{"rendered":"Chronik Krippenfreunde Schnaittenbach eV"},"content":{"rendered":"\n<p><strong>2019<\/strong>:<\/p>\n\n\n\n<p>14.03.2019: Erstes Treffen, Gedankenaustausch<\/p>\n\n\n\n<p>14.04.2019: Einladung zur Gr\u00fcndungsversammlung<\/p>\n\n\n\n<p><strong>10.05.2019: Gr\u00fcndungsversammlung<\/strong><\/p>\n\n\n\n<p>22.05.2019: Finanzamt best\u00e4tigt Gemeinn\u00fctzigkeit<\/p>\n\n\n\n<p>04.06.2019: Eintragung in das Vereinsregister<\/p>\n\n\n\n<p>27.06.2019: Unser Internetauftritt ist online<\/p>\n\n\n\n<p>14.09.2019: Beginn Krippenbaukurs f\u00fcr Kinder<\/p>\n\n\n\n<p>23.09.2019: Beginn Krippenbaukurs f\u00fcr Erwachsene<\/p>\n\n\n\n<p>08.11.2019: Abschluss des Krippenbaukurses f\u00fcr Erwachsene<\/p>\n\n\n\n<p>10.11.2019: Geselliger Nachmittag im Kellerh\u00e4usl<\/p>\n\n\n\n<p>29.11.2019: Er\u00f6ffnung der Krippenausstellung<\/p>\n\n\n\n<p>30.11.-01.12.2019: Krippenausstellung, Besuch des Bischofs<\/p>\n\n\n\n<p><strong>2020:<\/strong><\/p>\n\n\n\n<p>01.03.2020: ordentliche Mitgliederversammlung<\/p>\n\n\n\n<p>09.2020: Krippenbaukurse und geselliger Nachmittag entfallen wegen Corona<\/p>\n\n\n\n<p>21.11.2020: Aufbau der neuen Freikrippe am Marktplatz zwischen Rathaus und Kirche<\/p>\n\n\n\n<p>27.11.2020: Er\u00f6ffnung des ersten Schnaittenbacher Krippenweges<\/p>\n\n\n\n<p>28.11.2020 bis 06.01.2021: Krippenweg durch Schnaittenbach<\/p>\n\n\n\n<p><strong>2021:<\/strong><\/p>\n\n\n\n<p>28.02.2021, 10:00 Uhr: Gedenkgottesdienst f\u00fcr verstorbene Krippenfreunde und Mitglieder<\/p>\n\n\n\n<p>28.02.2021, 18:00 Uhr: Jahreshauptversammlung &#8211; coronabedingt entfallen<\/p>\n\n\n\n<p>06.04.2021: 70. Geburtstag Peter Friedl, Holzhammer<\/p>\n\n\n\n<p>20.07.2021: 70. Geburtstag Beisitzer Bernhard B\u00fcller<\/p>\n\n\n\n<p>15.08.2021, 18:00 Uhr: Mitgliederversammlung im Gasthaus Kellerh\u00e4usl<\/p>\n\n\n\n<p>27.08.2021: Polterabend unserer Mitglieder Lucas Reindl und Franziska Kiener<\/p>\n\n\n\n<p>18.09.2021: Polterabend unserer Mitglieder Sebastian Reindl und Christina Nagler<\/p>\n\n\n\n<p>08.10.2021: Beginn des Krippenbaukurses 2021<\/p>\n\n\n\n<p>09.10.2021: 75. Geburtstag Josef Schafbauer, R\u00fcckersrieth (Kursleiter Krippenbaukurs 2019) <\/p>\n\n\n\n<p>07.11.2021: Geselliger Nachmittag im Kellerh\u00e4usl mit Kaffee und Kuchen, Infos zu anstehenden Terminen, Einf\u00fchrung zu Krippensymbolik, Fotos<\/p>\n\n\n\n<p>13.11.2021: Krippenbaukurs erfolgreich beendet<\/p>\n\n\n\n<p>15.11.2021: Krippenausstellung coronabedingt abgesagt<\/p>\n\n\n\n<p>17.11.2021: Abschlussabend im Kellerh\u00e4usl zum Krippenbaukurs<\/p>\n\n\n\n<p>20.11.2021: Aufstellung der Freikrippe auf dem Marktplatz<\/p>\n\n\n\n<p>01.12.2021: Herbergstragen &#8211;  Das Krippenkastl geht erstmals auf Rundreise durch den Advent<\/p>\n\n\n\n<p><strong>2022<\/strong>:<\/p>\n\n\n\n<p>05.02.2022: Abbau der Freikrippe und Transport in&#8217;s Sommerquartier<\/p>\n\n\n\n<p>19.02.2022: 80. Geburtstag Adelheid Gr\u00fcnwald, Hirschau<\/p>\n\n\n\n<p>13.03.2022, 10.00 Uhr: Gedenkgottesdienst f\u00fcr verstorbene Krippenfreunde<br>17.00 Uhr: ordentliche Mitgliederversammlung mit Neuwahl des Vorstands<\/p>\n\n\n\n<p>24.03.2022: Krippenfreunde-Stammtisch im Gasthaus Kellerh\u00e4usl<\/p>\n\n\n\n<p>14.04.2022: 70. Geburtstag B\u00e4rbel Gr\u00fctzner<\/p>\n\n\n\n<p>22.05.2022: Fr\u00fchjahrswanderung  zu den Steinbr\u00fcchen am Buchberg<\/p>\n\n\n\n<p>02.06.2022: Krippenfreunde-Stammtisch im Gasthaus Kellerh\u00e4usl<\/p>\n\n\n\n<p>15.07.2022: 70. Geburtstag Rudolf Weigert<\/p>\n\n\n\n<p>23.08.2022: 85. Geburtstag Sieglinde Lei\u00dfl<\/p>\n\n\n\n<p>03.09.2022: 85. Geburtstag Alfons Nagler<\/p>\n\n\n\n<p>08. bis 10.09.2022: Krippenbaukurs f\u00fcr Kinder der 4. Klasse<\/p>\n\n\n\n<p>27.09.2022: Infoabend zum Krippenbaukurs im Kellerh\u00e4usl<br>10.10. bis  04.11.2022.: 3. Krippenbaukurs<br>09.11.2022: Abschlussabend im Kellerh\u00e4usl <\/p>\n\n\n\n<p>06.11.2022, 15.00 Uhr: Geselliger Nachmittag im Kellerh\u00e4usl<\/p>\n\n\n\n<p>19.11.2022: Aufstellung der Freikrippe auf dem Marktplatz<\/p>\n\n\n\n<p>25.11.2022, 19.00 Uhr: Krippenandacht zur Er\u00f6ffnung des Krippenwegs<\/p>\n\n\n\n<p>26.11.2022 bis 08.01.2023: 2. Schnaittenbacher Krippenweg<\/p>\n\n\n\n<p><strong>2023<\/strong>:<\/p>\n\n\n\n<p>04.02.2023: Abbau der Freikrippe und Transport in&#8217;s Sommerquartier<\/p>\n\n\n\n<p>24.02.2023: 90. Geburtstag Theo Lei\u00dfl<\/p>\n\n\n\n<p>15.03.2023: 80. Geburtstag Josef Strobl<\/p>\n\n\n\n<p>19.03.2023: Jahreshauptversammlung im Gasthaus Kellerh\u00e4usl<\/p>\n\n\n\n<p>13.04.2023: Krippenfreunde-Stammtisch im Kellerh\u00e4usl<\/p>\n\n\n\n<p>06.05.2023: Fr\u00fchjahrswanderung mit Heinz Gebhard: von der Ehenbachquelle bei Ehenfeld nach Schnaittenbach<\/p>\n\n\n\n<p>17.05.2023: 70. Geburtstag Elisabeth Frauendorfer<\/p>\n\n\n\n<p>15.06.2023: Krippenfreunde-Stammtisch im Kellerh\u00e4usl<\/p>\n\n\n\n<p>27.10.2023: Beginn Krippenbaukurs Kinder<\/p>\n\n\n\n<p>25.11.2023: Aufstellung Freikrippe<\/p>\n\n\n\n<p>01.12.2023: Krippenandacht zur Er\u00f6ffnung der Krippenausstellung 2023<\/p>\n\n\n\n<p>02. und 03.12.2023: Krippenausstellung im Kulturstadl<\/p>\n\n\n\n<p>10.12.2023: Adventsfeier<\/p>\n\n\n\n<p><strong>2024:<\/strong><\/p>\n\n\n\n<p>03.02.2024: Abbau der Freikrippe und Transport in&#8217;s Sommerquartier<\/p>\n\n\n\n<p>25.02.2024: 75. Geburtstag Sybille Kiener<\/p>\n\n\n\n<p>11.03.2024: 80. Geburtstag Andreas Link<\/p>\n\n\n\n<p>17.03.2024: Gedenkgottesdienst und Jahreshauptversammlung im Kellerh\u00e4usl<\/p>\n\n\n\n<p>02.05.2024: 70. Geburtstag Maria Gr\u00e4f<\/p>\n\n\n\n<p>26.05.2024: Fr\u00fchjahrswanderung mit Heinz Gebhardt nach Kohlberg<\/p>\n\n\n\n<p>08.06.2024: 80. Geburtstag Heinz Gebhardt (Wanderf\u00fchrer)<\/p>\n\n\n\n<p>06.07.2024: 75. Geburtstag Hans Gr\u00e4f<\/p>\n\n\n\n<p>09.07.2024: Besichtigung der Krippensammlung der Di\u00f6zese im Ordinariat in Regensburg, F\u00fchrung mit Bischof Rudolf Voderholzer<\/p>\n\n\n\n<p>03.08.2024: 70. Geburtstag Hans Walaszcyk<\/p>\n\n\n\n<p>06.08.2024: 70. Geburtstag Sepp Schwabl<\/p>\n\n\n\n<p>26. bis 29.10.2024: Krippenbaukurs Kinder im Werkraum der Grund- und Mittelschule<\/p>\n\n\n\n<p>23.11.2024: Aufbau der Freikrippe am Marktplatz<\/p>\n\n\n\n<p>23.11.2024: Beteiligung an der Jubil\u00e4umsausstellung der Krippenfreunde Amberg<\/p>\n\n\n\n<p>30.11.2024: Das Krippenkastl ist wieder auf der Reise durch den Advent<\/p>\n\n\n\n<p>08.12.2024: Adventfeier im Kellerh\u00e4usl<\/p>\n\n\n\n<p><strong>2025:<\/strong><\/p>\n\n\n\n<p>02.01.2025: 70. Geburtstag unseres 2. Vorsitzenden Peter Pichl<\/p>\n\n\n\n<p>08.02.2025: Abbau der Freikrippe und Transport in&#8217;s Sommerquartier<\/p>\n\n\n\n<p>23.03.2025: Gedenkgottesdienst und Jahreshauptversammlung mit Neuwahl im Kellerh\u00e4usl<\/p>\n\n\n\n<p>18.05.2025: Fr\u00fchjahrswanderung mit Heinz Gebhardt im &#8222;Freimbercha Oberland&#8220;<\/p>\n\n\n\n<p>11.07.2025: erneute Besichtigung der Krippensammlung der Di\u00f6zese im Ordinariat in Regensburg, F\u00fchrung mit Bischof Rudolf Voderholzer<\/p>\n\n\n\n<p>15.07.2025: Wir gratulieren unserem Mitglied Pfarrer Helmut Br\u00fcgel zum 60. Geburtstag<\/p>\n\n\n\n<p>13.10.2025: Einladung zum 50. Geburtstag unseres Mitglieds B\u00fcrgermeister Marcus Eichenm\u00fcller: <br>Wir waren mit dem vollst\u00e4ndigen Vorstand vertreten und haben gratuliert. <\/p>\n\n\n\n<p>05. bis 07.11.2025: 5. Krippenbaukurs f\u00fcr Kinder im Werkraum der Grund- und Mittelschule<\/p>\n\n\n\n<p>22.11.2025: Aufstellung der Freikrippe am Marktplatz zwischen Kirche und Rathaus<\/p>\n\n\n\n<p>28.11.2025: Das Krippenkastl geht wieder auf der Reise durch den Advent<\/p>\n\n\n\n<p>28.11.2025: Krippenandacht zur Er\u00f6ffnung des 3. Schnaittenbacher Krippenweges, Ausklang im adventlich geschm\u00fcckten Kr\u00e4utergarten bei Gl\u00fchwein und Quittenpunsch<\/p>\n\n\n\n<p>29.11.2025 bis 11.01.2026 Sonntag nach Dreik\u00f6nig: 3. Krippenweg durch das adventliche und weihnachtliche Schnaittenbach<\/p>\n\n\n\n<p>14.12.2025: Adventfeier im Kellerh\u00e4usl<\/p>\n\n\n\n<p><strong>2026:<\/strong><\/p>\n\n\n\n<p>07.02.2026: Abbau der Freikrippe und Transport in das Sommerquartier<\/p>\n","protected":false},"excerpt":{"rendered":"<p>2019: 14.03.2019: Erstes Treffen, Gedankenaustausch 14.04.2019: Einladung zur Gr\u00fcndungsversammlung 10.05.2019: Gr\u00fcndungsversammlung 22.05.2019: Finanzamt best\u00e4tigt Gemeinn\u00fctzigkeit 04.06.2019: Eintragung in das Vereinsregister 27.06.2019: Unser Internetauftritt ist online 14.09.2019: Beginn Krippenbaukurs f\u00fcr Kinder 23.09.2019: Beginn Krippenbaukurs f\u00fcr Erwachsene 08.11.2019: Abschluss des Krippenbaukurses f\u00fcr Erwachsene 10.11.2019: Geselliger Nachmittag im Kellerh\u00e4usl 29.11.2019: Er\u00f6ffnung der Krippenausstellung 30.11.-01.12.2019: Krippenausstellung, Besuch des Bischofs<\/p><\/div>\n<div class=\"blog-btn\"><a href=\"https:\/\/krippenfreunde-schnaittenbach.de\/index.php\/chronik\/\" class=\"home-blog-btn\">Weiterlesen<\/a><\/p>\n","protected":false},"author":1,"featured_media":0,"parent":0,"menu_order":0,"comment_status":"closed","ping_status":"closed","template":"","meta":{"footnotes":""},"class_list":["post-403","page","type-page","status-publish","hentry"],"yoast_head":"<!-- This site is optimized with the Yoast SEO plugin v24.2 - https:\/\/yoast.com\/wordpress\/plugins\/seo\/ -->\n<title>Chronik Krippenfreunde Schnaittenbach eV - Krippenfreunde Schnaittenbach<\/title>\n<meta name=\"robots\" content=\"index, follow, max-snippet:-1, max-image-preview:large, max-video-preview:-1\" \/>\n<link rel=\"canonical\" href=\"https:\/\/krippenfreunde-schnaittenbach.de\/index.php\/chronik\/\" \/>\n<meta property=\"og:locale\" content=\"de_DE\" \/>\n<meta property=\"og:type\" content=\"article\" \/>\n<meta property=\"og:title\" content=\"Chronik Krippenfreunde Schnaittenbach eV - Krippenfreunde Schnaittenbach\" \/>\n<meta property=\"og:description\" content=\"2019: 14.03.2019: Erstes Treffen, Gedankenaustausch 14.04.2019: Einladung zur Gr\u00fcndungsversammlung 10.05.2019: Gr\u00fcndungsversammlung 22.05.2019: Finanzamt best\u00e4tigt Gemeinn\u00fctzigkeit 04.06.2019: Eintragung in das Vereinsregister 27.06.2019: Unser Internetauftritt ist online 14.09.2019: Beginn Krippenbaukurs f\u00fcr Kinder 23.09.2019: Beginn Krippenbaukurs f\u00fcr Erwachsene 08.11.2019: Abschluss des Krippenbaukurses f\u00fcr Erwachsene 10.11.2019: Geselliger Nachmittag im Kellerh\u00e4usl 29.11.2019: Er\u00f6ffnung der Krippenausstellung 30.11.-01.12.2019: Krippenausstellung, Besuch des BischofsWeiterlesen\" \/>\n<meta property=\"og:url\" content=\"https:\/\/krippenfreunde-schnaittenbach.de\/index.php\/chronik\/\" \/>\n<meta property=\"og:site_name\" content=\"Krippenfreunde Schnaittenbach\" \/>\n<meta property=\"article:modified_time\" content=\"2026-01-14T21:29:02+00:00\" \/>\n<meta name=\"twitter:card\" content=\"summary_large_image\" \/>\n<meta name=\"twitter:label1\" content=\"Gesch\u00e4tzte Lesezeit\" \/>\n\t<meta name=\"twitter:data1\" content=\"4\u00a0Minuten\" \/>\n<script type=\"application\/ld+json\" class=\"yoast-schema-graph\">{\"@context\":\"https:\/\/schema.org\",\"@graph\":[{\"@type\":\"WebPage\",\"@id\":\"https:\/\/krippenfreunde-schnaittenbach.de\/index.php\/chronik\/\",\"url\":\"https:\/\/krippenfreunde-schnaittenbach.de\/index.php\/chronik\/\",\"name\":\"Chronik Krippenfreunde Schnaittenbach eV - Krippenfreunde Schnaittenbach\",\"isPartOf\":{\"@id\":\"https:\/\/krippenfreunde-schnaittenbach.de\/#website\"},\"datePublished\":\"2020-12-01T21:25:27+00:00\",\"dateModified\":\"2026-01-14T21:29:02+00:00\",\"breadcrumb\":{\"@id\":\"https:\/\/krippenfreunde-schnaittenbach.de\/index.php\/chronik\/#breadcrumb\"},\"inLanguage\":\"de\",\"potentialAction\":[{\"@type\":\"ReadAction\",\"target\":[\"https:\/\/krippenfreunde-schnaittenbach.de\/index.php\/chronik\/\"]}]},{\"@type\":\"BreadcrumbList\",\"@id\":\"https:\/\/krippenfreunde-schnaittenbach.de\/index.php\/chronik\/#breadcrumb\",\"itemListElement\":[{\"@type\":\"ListItem\",\"position\":1,\"name\":\"Startseite\",\"item\":\"https:\/\/krippenfreunde-schnaittenbach.de\/\"},{\"@type\":\"ListItem\",\"position\":2,\"name\":\"Chronik Krippenfreunde Schnaittenbach eV\"}]},{\"@type\":\"WebSite\",\"@id\":\"https:\/\/krippenfreunde-schnaittenbach.de\/#website\",\"url\":\"https:\/\/krippenfreunde-schnaittenbach.de\/\",\"name\":\"Krippenfreunde Schnaittenbach\",\"description\":\"\",\"publisher\":{\"@id\":\"https:\/\/krippenfreunde-schnaittenbach.de\/#organization\"},\"potentialAction\":[{\"@type\":\"SearchAction\",\"target\":{\"@type\":\"EntryPoint\",\"urlTemplate\":\"https:\/\/krippenfreunde-schnaittenbach.de\/?s={search_term_string}\"},\"query-input\":{\"@type\":\"PropertyValueSpecification\",\"valueRequired\":true,\"valueName\":\"search_term_string\"}}],\"inLanguage\":\"de\"},{\"@type\":\"Organization\",\"@id\":\"https:\/\/krippenfreunde-schnaittenbach.de\/#organization\",\"name\":\"Krippenfreunde Schnaittenbach\",\"url\":\"https:\/\/krippenfreunde-schnaittenbach.de\/\",\"logo\":{\"@type\":\"ImageObject\",\"inLanguage\":\"de\",\"@id\":\"https:\/\/krippenfreunde-schnaittenbach.de\/#\/schema\/logo\/image\/\",\"url\":\"https:\/\/krippenfreunde-schnaittenbach.de\/wp-content\/uploads\/2019\/06\/LogoLR-2.png\",\"contentUrl\":\"https:\/\/krippenfreunde-schnaittenbach.de\/wp-content\/uploads\/2019\/06\/LogoLR-2.png\",\"width\":100,\"height\":100,\"caption\":\"Krippenfreunde Schnaittenbach\"},\"image\":{\"@id\":\"https:\/\/krippenfreunde-schnaittenbach.de\/#\/schema\/logo\/image\/\"}}]}<\/script>\n<!-- \/ Yoast SEO plugin. -->","yoast_head_json":{"title":"Chronik Krippenfreunde Schnaittenbach eV - Krippenfreunde Schnaittenbach","robots":{"index":"index","follow":"follow","max-snippet":"max-snippet:-1","max-image-preview":"max-image-preview:large","max-video-preview":"max-video-preview:-1"},"canonical":"https:\/\/krippenfreunde-schnaittenbach.de\/index.php\/chronik\/","og_locale":"de_DE","og_type":"article","og_title":"Chronik Krippenfreunde Schnaittenbach eV - Krippenfreunde Schnaittenbach","og_description":"2019: 14.03.2019: Erstes Treffen, Gedankenaustausch 14.04.2019: Einladung zur Gr\u00fcndungsversammlung 10.05.2019: Gr\u00fcndungsversammlung 22.05.2019: Finanzamt best\u00e4tigt Gemeinn\u00fctzigkeit 04.06.2019: Eintragung in das Vereinsregister 27.06.2019: Unser Internetauftritt ist online 14.09.2019: Beginn Krippenbaukurs f\u00fcr Kinder 23.09.2019: Beginn Krippenbaukurs f\u00fcr Erwachsene 08.11.2019: Abschluss des Krippenbaukurses f\u00fcr Erwachsene 10.11.2019: Geselliger Nachmittag im Kellerh\u00e4usl 29.11.2019: Er\u00f6ffnung der Krippenausstellung 30.11.-01.12.2019: Krippenausstellung, Besuch des BischofsWeiterlesen","og_url":"https:\/\/krippenfreunde-schnaittenbach.de\/index.php\/chronik\/","og_site_name":"Krippenfreunde Schnaittenbach","article_modified_time":"2026-01-14T21:29:02+00:00","twitter_card":"summary_large_image","twitter_misc":{"Gesch\u00e4tzte Lesezeit":"4\u00a0Minuten"},"schema":{"@context":"https:\/\/schema.org","@graph":[{"@type":"WebPage","@id":"https:\/\/krippenfreunde-schnaittenbach.de\/index.php\/chronik\/","url":"https:\/\/krippenfreunde-schnaittenbach.de\/index.php\/chronik\/","name":"Chronik Krippenfreunde Schnaittenbach eV - Krippenfreunde Schnaittenbach","isPartOf":{"@id":"https:\/\/krippenfreunde-schnaittenbach.de\/#website"},"datePublished":"2020-12-01T21:25:27+00:00","dateModified":"2026-01-14T21:29:02+00:00","breadcrumb":{"@id":"https:\/\/krippenfreunde-schnaittenbach.de\/index.php\/chronik\/#breadcrumb"},"inLanguage":"de","potentialAction":[{"@type":"ReadAction","target":["https:\/\/krippenfreunde-schnaittenbach.de\/index.php\/chronik\/"]}]},{"@type":"BreadcrumbList","@id":"https:\/\/krippenfreunde-schnaittenbach.de\/index.php\/chronik\/#breadcrumb","itemListElement":[{"@type":"ListItem","position":1,"name":"Startseite","item":"https:\/\/krippenfreunde-schnaittenbach.de\/"},{"@type":"ListItem","position":2,"name":"Chronik Krippenfreunde Schnaittenbach eV"}]},{"@type":"WebSite","@id":"https:\/\/krippenfreunde-schnaittenbach.de\/#website","url":"https:\/\/krippenfreunde-schnaittenbach.de\/","name":"Krippenfreunde Schnaittenbach","description":"","publisher":{"@id":"https:\/\/krippenfreunde-schnaittenbach.de\/#organization"},"potentialAction":[{"@type":"SearchAction","target":{"@type":"EntryPoint","urlTemplate":"https:\/\/krippenfreunde-schnaittenbach.de\/?s={search_term_string}"},"query-input":{"@type":"PropertyValueSpecification","valueRequired":true,"valueName":"search_term_string"}}],"inLanguage":"de"},{"@type":"Organization","@id":"https:\/\/krippenfreunde-schnaittenbach.de\/#organization","name":"Krippenfreunde Schnaittenbach","url":"https:\/\/krippenfreunde-schnaittenbach.de\/","logo":{"@type":"ImageObject","inLanguage":"de","@id":"https:\/\/krippenfreunde-schnaittenbach.de\/#\/schema\/logo\/image\/","url":"https:\/\/krippenfreunde-schnaittenbach.de\/wp-content\/uploads\/2019\/06\/LogoLR-2.png","contentUrl":"https:\/\/krippenfreunde-schnaittenbach.de\/wp-content\/uploads\/2019\/06\/LogoLR-2.png","width":100,"height":100,"caption":"Krippenfreunde Schnaittenbach"},"image":{"@id":"https:\/\/krippenfreunde-schnaittenbach.de\/#\/schema\/logo\/image\/"}}]}},"_links":{"self":[{"href":"https:\/\/krippenfreunde-schnaittenbach.de\/index.php\/wp-json\/wp\/v2\/pages\/403","targetHints":{"allow":["GET"]}}],"collection":[{"href":"https:\/\/krippenfreunde-schnaittenbach.de\/index.php\/wp-json\/wp\/v2\/pages"}],"about":[{"href":"https:\/\/krippenfreunde-schnaittenbach.de\/index.php\/wp-json\/wp\/v2\/types\/page"}],"author":[{"embeddable":true,"href":"https:\/\/krippenfreunde-schnaittenbach.de\/index.php\/wp-json\/wp\/v2\/users\/1"}],"replies":[{"embeddable":true,"href":"https:\/\/krippenfreunde-schnaittenbach.de\/index.php\/wp-json\/wp\/v2\/comments?post=403"}],"version-history":[{"count":46,"href":"https:\/\/krippenfreunde-schnaittenbach.de\/index.php\/wp-json\/wp\/v2\/pages\/403\/revisions"}],"predecessor-version":[{"id":1432,"href":"https:\/\/krippenfreunde-schnaittenbach.de\/index.php\/wp-json\/wp\/v2\/pages\/403\/revisions\/1432"}],"wp:attachment":[{"href":"https:\/\/krippenfreunde-schnaittenbach.de\/index.php\/wp-json\/wp\/v2\/media?parent=403"}],"curies":[{"name":"wp","href":"https:\/\/api.w.org\/{rel}","templated":true}]}}