{"id":378,"date":"2020-11-17T08:37:36","date_gmt":"2020-11-17T07:37:36","guid":{"rendered":"https:\/\/krippenfreunde-schnaittenbach.de\/?page_id=378"},"modified":"2022-11-25T11:33:17","modified_gmt":"2022-11-25T10:33:17","slug":"gaestebuch-krippenweg","status":"publish","type":"page","link":"https:\/\/krippenfreunde-schnaittenbach.de\/index.php\/gaestebuch-krippenweg\/","title":{"rendered":"G\u00e4stebuch Krippenweg"},"content":{"rendered":"<div class=\"gwolle-gb\"><div class=\"gwolle_gb_messages_top_container\"><\/div>\n\t\t\t<div class=\"gwolle-gb-write-button\">\n\t\t\t\t<input type=\"button\" name=\"gwolle-gb-write-button\" class=\"button btn btn-default \" value=\"Neuen Eintrag schreiben\" \/>\n\t\t\t<\/div>\n\t\t\t<form action=\"#\" method=\"POST\" class=\"gwolle-gb-write gwolle-gb-hide gwolle-gb-float gwolle_gb_form_ajax gwolle-gb-form-ajax gwolle-gb-ajax gwolle-gb-not-logged-in\">\n\t\t\t\t<h3>Einen neuen Eintrag f\u00fcr das G\u00e4stebuch schreiben<\/h3>\n\t\t\t\t<button type=\"button\" class=\"gb-notice-dismiss\">x<span class=\"screen-reader-text\">Dieses Formular ausblenden<\/span><\/button>\n\t\t\t\n\t\t\t\t<input type=\"hidden\" name=\"gwolle_gb_function\" class=\"gwolle_gb_function\" value=\"add_entry\" \/><input type=\"hidden\" name=\"gwolle_gb_book_id\" class=\"gwolle_gb_book_id\" value=\"1\" \/><div class=\"gwolle_gb_a34c040995ec49904ebbca7083dfe8e8\">\n\t\t\t\t<div class=\"label\"><label for=\"gwolle_gb_a34c040995ec49904ebbca7083dfe8e8\" class=\"text-info\">Name <span class=\"required\">*<\/span><\/label><\/div>\n\t\t\t\t<div class=\"input\"><input class=\"wp-exclude-emoji gwolle_gb_a34c040995ec49904ebbca7083dfe8e8\" value=\"\" type=\"text\" name=\"gwolle_gb_a34c040995ec49904ebbca7083dfe8e8\" required \/><\/div>\n\t\t\t\t<div class=\"clearBoth\">&nbsp;<\/div>\n\t\t\t<\/div><div class=\"gwolle_gb_348045cbe876f6c9d2e90ecafc5eb9dd\">\n\t\t\t\t\t<div class=\"label\"><label for=\"gwolle_gb_348045cbe876f6c9d2e90ecafc5eb9dd\" class=\"text-info\">Ort<\/label><\/div>\n\t\t\t\t\t<div class=\"input\"><input class=\"wp-exclude-emoji gwolle_gb_348045cbe876f6c9d2e90ecafc5eb9dd\" value=\"\" type=\"text\" name=\"gwolle_gb_348045cbe876f6c9d2e90ecafc5eb9dd\" \/><\/div>\n\t\t\t\t\t<div class=\"clearBoth\">&nbsp;<\/div>\n\t\t\t\t<\/div><div class=\"gwolle_gb_df354477228283cc7909b2ba67e770e6\">\n\t\t\t\t<div class=\"label\"><label for=\"gwolle_gb_df354477228283cc7909b2ba67e770e6\" class=\"text-info\">E-Mail <span class=\"required\">*<\/span><\/label><\/div>\n\t\t\t\t<div class=\"input\"><input class=\"gwolle_gb_df354477228283cc7909b2ba67e770e6\" value=\"\" type=\"email\" name=\"gwolle_gb_df354477228283cc7909b2ba67e770e6\" required \/><\/div>\n\t\t\t\t<div class=\"clearBoth\">&nbsp;<\/div>\n\t\t\t<\/div><div class=\"gwolle_gb_bfad6e7c38fffadf119fbf975ba6dde9\">\n\t\t\t\t<div class=\"label\"><label for=\"gwolle_gb_bfad6e7c38fffadf119fbf975ba6dde9\" class=\"text-info\">Website<\/label><\/div>\n\t\t\t\t<div class=\"input\"><input class=\"gwolle_gb_bfad6e7c38fffadf119fbf975ba6dde9\" value=\"\" type=\"url\" name=\"gwolle_gb_bfad6e7c38fffadf119fbf975ba6dde9\" \/><\/div>\n\t\t\t\t<div class=\"clearBoth\">&nbsp;<\/div>\n\t\t\t<\/div>\n\t\t\t<div class=\"gwolle_gb_7eac04dd5dc15565d05b5aa29861309c\" style=\"display:none;overflow:hidden;\">\n\t\t\t\t<div class=\"label\">\n\t\t\t\t\t<label for=\"gwolle_gb_7eac04dd5dc15565d05b5aa29861309c\" class=\"text-primary\">Hier nichts eingeben<\/label>\n\t\t\t\t\t<label for=\"gwolle_gb_ff20bcc8d15a68521c902b9170f44349\" class=\"text-primary\">Hier nichts eingeben<\/label>\n\t\t\t\t<\/div>\n\t\t\t\t<div class=\"input\">\n\t\t\t\t\t<input value=\"69\" type=\"text\" name=\"gwolle_gb_7eac04dd5dc15565d05b5aa29861309c\" class=\"gwolle_gb_7eac04dd5dc15565d05b5aa29861309c\" style=\"transform: translateY(10000px);\" \/>\n\t\t\t\t\t<input value=\"\" type=\"text\" name=\"gwolle_gb_ff20bcc8d15a68521c902b9170f44349\" class=\"gwolle_gb_ff20bcc8d15a68521c902b9170f44349\" style=\"transform: translateY(10000px);\" \/>\n\t\t\t\t<\/div>\n\t\t\t\t<div class=\"clearBoth\"><\/div>\n\t\t\t<\/div>\n\t\t\t<div class=\"gwolle_gb_f67694b180ac85aa3ff0a3bcdc5218b9\" style=\"display:none;overflow:hidden;\">\n\t\t\t\t<div class=\"label\">\n\t\t\t\t\t<label for=\"gwolle_gb_f67694b180ac85aa3ff0a3bcdc5218b9\" class=\"text-primary\">Hier nichts eingeben<\/label>\n\t\t\t\t\t<label for=\"gwolle_gb_99337a413772dcd94385a54168615c89\" class=\"text-primary\">Hier nichts eingeben<\/label>\n\t\t\t\t<\/div>\n\t\t\t\t<div class=\"input\">\n\t\t\t\t\t<input value=\"91659\" type=\"text\" name=\"gwolle_gb_f67694b180ac85aa3ff0a3bcdc5218b9\" class=\"gwolle_gb_f67694b180ac85aa3ff0a3bcdc5218b9\" style=\"transform: translateY(10000px);\" \/>\n\t\t\t\t\t<input value=\"91659\" type=\"text\" name=\"gwolle_gb_99337a413772dcd94385a54168615c89\" class=\"gwolle_gb_99337a413772dcd94385a54168615c89\" style=\"transform: translateY(10000px);\" \/>\n\t\t\t\t<\/div>\n\t\t\t\t<div class=\"clearBoth\"><\/div>\n\t\t\t<\/div><div class=\"gwolle_gb_content\">\n\t\t\t\t<div class=\"label\"><label for=\"gwolle_gb_content\" class=\"text-info\">G\u00e4stebucheintrag <span class=\"required\">*<\/span><\/label><\/div>\n\t\t\t\t<div class=\"input\"><textarea name=\"gwolle_gb_content\" class=\"gwolle_gb_content wp-exclude-emoji\" required ><\/textarea><div class=\"gwolle_gb_emoji gwolle-gb-hide\">\n\t\t<a title=\"\ud83d\ude04\" class=\"gwolle_gb_emoji_1 noslimstat\">\ud83d\ude04<\/a>\n\t\t<a title=\"\ud83d\ude03\" class=\"gwolle_gb_emoji_2 noslimstat\">\ud83d\ude03<\/a>\n\t\t<a title=\"\ud83d\ude09\" class=\"gwolle_gb_emoji_3 noslimstat\">\ud83d\ude09<\/a>\n\t\t<a title=\"\ud83d\ude0a\" class=\"gwolle_gb_emoji_4 noslimstat\">\ud83d\ude0a<\/a>\n\t\t<a title=\"\ud83d\ude1a\" class=\"gwolle_gb_emoji_5 noslimstat\">\ud83d\ude1a<\/a>\n\t\t<a title=\"\ud83d\ude17\" class=\"gwolle_gb_emoji_6 noslimstat\">\ud83d\ude17<\/a>\n\t\t<a title=\"\ud83d\ude1c\" class=\"gwolle_gb_emoji_7 noslimstat\">\ud83d\ude1c<\/a>\n\t\t<a title=\"\ud83d\ude1b\" class=\"gwolle_gb_emoji_8 noslimstat\">\ud83d\ude1b<\/a>\n\t\t<a title=\"\ud83d\ude33\" class=\"gwolle_gb_emoji_9 noslimstat\">\ud83d\ude33<\/a>\n\t\t<a title=\"\ud83d\ude01\" class=\"gwolle_gb_emoji_10 noslimstat\">\ud83d\ude01<\/a>\n\t\t<a title=\"\ud83d\ude2c\" class=\"gwolle_gb_emoji_11 noslimstat\">\ud83d\ude2c<\/a>\n\t\t<a title=\"\ud83d\ude0c\" class=\"gwolle_gb_emoji_12 noslimstat\">\ud83d\ude0c<\/a>\n\t\t<a title=\"\ud83d\ude1e\" class=\"gwolle_gb_emoji_13 noslimstat\">\ud83d\ude1e<\/a>\n\t\t<a title=\"\ud83d\ude18\" class=\"gwolle_gb_emoji_14 noslimstat\">\ud83d\ude18<\/a>\n\t\t<a title=\"\ud83d\ude0d\" class=\"gwolle_gb_emoji_15 noslimstat\">\ud83d\ude0d<\/a>\n\t\t<a title=\"\ud83d\ude22\" class=\"gwolle_gb_emoji_16 noslimstat\">\ud83d\ude22<\/a>\n\t\t<a title=\"\ud83d\ude02\" class=\"gwolle_gb_emoji_17 noslimstat\">\ud83d\ude02<\/a>\n\t\t<a title=\"\ud83d\ude2d\" class=\"gwolle_gb_emoji_18 noslimstat\">\ud83d\ude2d<\/a>\n\t\t<a title=\"\ud83d\ude05\" class=\"gwolle_gb_emoji_19 noslimstat\">\ud83d\ude05<\/a>\n\t\t<a title=\"\ud83d\ude13\" class=\"gwolle_gb_emoji_20 noslimstat\">\ud83d\ude13<\/a>\n\t\t<a title=\"\ud83d\ude29\" class=\"gwolle_gb_emoji_21 noslimstat\">\ud83d\ude29<\/a>\n\t\t<a title=\"\ud83d\ude2e\" class=\"gwolle_gb_emoji_22 noslimstat\">\ud83d\ude2e<\/a>\n\t\t<a title=\"\ud83d\ude31\" class=\"gwolle_gb_emoji_23 noslimstat\">\ud83d\ude31<\/a>\n\t\t<a title=\"\ud83d\ude20\" class=\"gwolle_gb_emoji_24 noslimstat\">\ud83d\ude20<\/a>\n\t\t<a title=\"\ud83d\ude21\" class=\"gwolle_gb_emoji_25 noslimstat\">\ud83d\ude21<\/a>\n\t\t<a title=\"\ud83d\ude24\" class=\"gwolle_gb_emoji_26 noslimstat\">\ud83d\ude24<\/a>\n\t\t<a title=\"\ud83d\ude0b\" class=\"gwolle_gb_emoji_27 noslimstat\">\ud83d\ude0b<\/a>\n\t\t<a title=\"\ud83d\ude0e\" class=\"gwolle_gb_emoji_28 noslimstat\">\ud83d\ude0e<\/a>\n\t\t<a title=\"\ud83d\ude34\" class=\"gwolle_gb_emoji_29 noslimstat\">\ud83d\ude34<\/a>\n\t\t<a title=\"\ud83d\ude08\" class=\"gwolle_gb_emoji_30 noslimstat\">\ud83d\ude08<\/a>\n\t\t<a title=\"\ud83d\ude07\" class=\"gwolle_gb_emoji_31 noslimstat\">\ud83d\ude07<\/a>\n\t\t<a title=\"\ud83d\ude15\" class=\"gwolle_gb_emoji_32 noslimstat\">\ud83d\ude15<\/a>\n\t\t<a title=\"\ud83d\ude0f\" class=\"gwolle_gb_emoji_33 noslimstat\">\ud83d\ude0f<\/a>\n\t\t<a title=\"\ud83d\ude11\" class=\"gwolle_gb_emoji_34 noslimstat\">\ud83d\ude11<\/a>\n\t\t<a title=\"\ud83d\udc72\" class=\"gwolle_gb_emoji_35 noslimstat\">\ud83d\udc72<\/a>\n\t\t<a title=\"\ud83d\udc6e\" class=\"gwolle_gb_emoji_36 noslimstat\">\ud83d\udc6e<\/a>\n\t\t<a title=\"\ud83d\udc82\" class=\"gwolle_gb_emoji_37 noslimstat\">\ud83d\udc82<\/a>\n\t\t<a title=\"\ud83d\udc76\" class=\"gwolle_gb_emoji_38 noslimstat\">\ud83d\udc76<\/a>\n\t\t<a title=\"\u2764\" class=\"gwolle_gb_emoji_39 noslimstat\">\u2764<\/a>\n\t\t<a title=\"\ud83d\udc94\" class=\"gwolle_gb_emoji_40 noslimstat\">\ud83d\udc94<\/a>\n\t\t<a title=\"\ud83d\udc95\" class=\"gwolle_gb_emoji_41 noslimstat\">\ud83d\udc95<\/a>\n\t\t<a title=\"\ud83d\udc98\" class=\"gwolle_gb_emoji_42 noslimstat\">\ud83d\udc98<\/a>\n\t\t<a title=\"\ud83d\udc8c\" class=\"gwolle_gb_emoji_43 noslimstat\">\ud83d\udc8c<\/a>\n\t\t<a title=\"\ud83d\udc8b\" class=\"gwolle_gb_emoji_44 noslimstat\">\ud83d\udc8b<\/a>\n\t\t<a title=\"\ud83c\udf81\" class=\"gwolle_gb_emoji_45 noslimstat\">\ud83c\udf81<\/a>\n\t\t<a title=\"\ud83d\udcb0\" class=\"gwolle_gb_emoji_46 noslimstat\">\ud83d\udcb0<\/a>\n\t\t<a title=\"\ud83d\udc8d\" class=\"gwolle_gb_emoji_47 noslimstat\">\ud83d\udc8d<\/a>\n\t\t<a title=\"\ud83d\udc4d\" class=\"gwolle_gb_emoji_48 noslimstat\">\ud83d\udc4d<\/a>\n\t\t<a title=\"\ud83d\udc4e\" class=\"gwolle_gb_emoji_49 noslimstat\">\ud83d\udc4e<\/a>\n\t\t<a title=\"\ud83d\udc4c\" class=\"gwolle_gb_emoji_50 noslimstat\">\ud83d\udc4c<\/a>\n\t\t<a title=\"\u270c\ufe0f\" class=\"gwolle_gb_emoji_51 noslimstat\">\u270c\ufe0f<\/a>\n\t\t<a title=\"\ud83e\udd18\ufe0f\" class=\"gwolle_gb_emoji_52 noslimstat\">\ud83e\udd18<\/a>\n\t\t<a title=\"\ud83d\udc4f\" class=\"gwolle_gb_emoji_53 noslimstat\">\ud83d\udc4f<\/a>\n\t\t<a title=\"\ud83c\udfb5\" class=\"gwolle_gb_emoji_54 noslimstat\">\ud83c\udfb5<\/a>\n\t\t<a title=\"\u2615\ufe0f\" class=\"gwolle_gb_emoji_55 noslimstat\">\u2615\ufe0f<\/a>\n\t\t<a title=\"\ud83c\udf75\" class=\"gwolle_gb_emoji_56 noslimstat\">\ud83c\udf75<\/a>\n\t\t<a title=\"\ud83c\udf7a\" class=\"gwolle_gb_emoji_57 noslimstat\">\ud83c\udf7a<\/a>\n\t\t<a title=\"\ud83c\udf77\" class=\"gwolle_gb_emoji_58 noslimstat\">\ud83c\udf77<\/a>\n\t\t<a title=\"\ud83c\udf7c\" class=\"gwolle_gb_emoji_59 noslimstat\">\ud83c\udf7c<\/a>\n\t\t<a title=\"\u2600\ufe0f\" class=\"gwolle_gb_emoji_60 noslimstat\">\u2600\ufe0f<\/a>\n\t\t<a title=\"\ud83c\udf24\" class=\"gwolle_gb_emoji_61 noslimstat\">\ud83c\udf24<\/a>\n\t\t<a title=\"\ud83c\udf26\" class=\"gwolle_gb_emoji_62 noslimstat\">\ud83c\udf26<\/a>\n\t\t<a title=\"\ud83c\udf27\" class=\"gwolle_gb_emoji_63 noslimstat\">\ud83c\udf27<\/a>\n\t\t<a title=\"\ud83c\udf1c\" class=\"gwolle_gb_emoji_64 noslimstat\">\ud83c\udf1c<\/a>\n\t\t<a title=\"\ud83c\udf08\" class=\"gwolle_gb_emoji_65 noslimstat\">\ud83c\udf08<\/a>\n\t\t<a title=\"\ud83c\udfdd\" class=\"gwolle_gb_emoji_66 noslimstat\">\ud83c\udfdd<\/a>\n\t\t<a title=\"\ud83c\udf85\" class=\"gwolle_gb_emoji_67 noslimstat\">\ud83c\udf85<\/a>\n\t\t<\/div><\/div>\n\t\t\t\t\t<div class=\"clearBoth\">&nbsp;<\/div>\n\t\t\t\t<\/div><input type=\"hidden\" class=\"gwolle_gb_70efaae0a234d9684d6942a04571f534\" name=\"gwolle_gb_70efaae0a234d9684d6942a04571f534\" value=\"bd50eecc40\" \/>\n\t\t\t<div class=\"gwolle_gb_messages_bottom_container\"><\/div>\n\n\t\t\t<noscript><div class=\"no-js\">Warnung: Dieses Formular kann nur verwendet werden, wenn in deinem Browser JavaScript aktiviert ist.<\/div><\/noscript>\n\n\t\t\t<div class=\"gwolle_gb_submit\">\n\t\t\t\t<div class=\"label gwolle-gb-invisible text-muted\">&nbsp;<\/div>\n\t\t\t\t<div class=\"input\">\n\t\t\t\t\t<input type=\"submit\" name=\"gwolle_gb_submit\" class=\"gwolle_gb_submit button btn btn-primary \" value=\"Absenden\" \/>\n\t\t\t\t\t<span class=\"gwolle_gb_submit_ajax_icon\"><\/span>\n\t\t\t\n\t\t\t\t<\/div>\n\t\t\t\t<div class=\"clearBoth\">&nbsp;<\/div>\n\t\t\t<\/div>\n\n\t\t\t<div class=\"gwolle_gb_notice\">\n\t\t\t\tMit * gekennzeichnete Felder sind erforderlich.<br \/>\r\nDeine E-Mail-Adresse wird nicht ver\u00f6ffentlicht.<br \/>\r\nEs ist m\u00f6glich, dass dein Eintrag im G\u00e4stebuch erst sichtbar ist, nachdem wir ihn \u00fcberpr\u00fcft haben.<br \/>\r\nWir behalten uns vor, Eintr\u00e4ge zu bearbeiten, zu l\u00f6schen oder nicht zu ver\u00f6ffentlichen.\n\t\t\t<\/div><\/form><div class=\"gwolle-gb-read gwolle-gb-ajax gwolle-gb-entries-list\" data-book_id=\"1\" data-page_id=\"1\">\n\t\t<div id=\"gwolle-gb-total\" class=\"gwolle-gb-total\">3 Eintr\u00e4ge<\/div><!-- Gwolle-GB Entry: Default Template Loaded -->\n\t\t\t\t<div class=\"gb-entry gb-entry_12 gb-entry-count_1 gwolle_gb_uneven gwolle-gb-uneven gwolle-gb-first\" data-entry_id=\"12\">\n\t\t\t\t<article>\n\t\t\t\t\t<div class=\"gb-author-info\">\n\t\t\t\t\t\t<span class=\"gb-author-avatar\"><img referrerpolicy=\"no-referrer\" alt='M. Welter' src='https:\/\/secure.gravatar.com\/avatar\/eb327da5e769aec8b79e743b3f076be9?s=32&#038;d=mm&#038;r=g' srcset='https:\/\/secure.gravatar.com\/avatar\/eb327da5e769aec8b79e743b3f076be9?s=64&#038;d=mm&#038;r=g 2x' class='img-responsive img-circle avatar-32 photo' height='32' width='32' \/><\/span>\n\t\t\t\t\t\t<span class=\"gb-author-name\">M. Welter\n\t\t\t\t\t\t<\/span>\n\t\t\t\t\t\t<span class=\"gb-author-origin\">\n\t\t\t\t\t\t\t<span class=\"gb-author-origin-from-text\"> aus<\/span>\n\t\t\t\t\t\t\t<span class=\"gb-author-origin-text\"> N\u00fcrnberg<\/span>\n\t\t\t\t\t\t<\/span>\n\t\t\t\t\t\t<span class=\"gb-datetime\">\n\t\t\t\t\t\t\t<span class=\"gb-date\"><span class=\"gb-date-wrote-text\"> schrieb am<\/span><span class=\"gb-date-text\"> 7. Januar 2026<\/span>\n\t\t\t\t\t\t\t<\/span><span class=\"gb-time\">\n\t\t\t\t\t\t\t\t\t<span class=\"gb-time-at-text\"> um<\/span>\n\t\t\t\t\t\t\t\t\t<span class=\"gb-time-text\"> 14:56<\/span>\n\t\t\t\t\t\t\t\t<\/span>\n\t\t\t\t\t\t<\/span> \n\t\t\t\t\t<\/div>\n\t\t\t\t\t<div class=\"gb-entry-content\">Liebes Krippenfreunde,<br \/>\n<br \/>\n am Dreik\u00f6nigstag sind wir aus N\u00fcrnberg angereist und haben auf dem sehr gut beschilderten Krippenweg alle 83 Krippen in Schnaittenbach bewundert. <br \/>\nEs waren sehr ausgefallene,  wundersch\u00f6ne und originelle Krippen dabei, die mit viel Sorgfalt und M\u00fchen pr\u00e4sentiert wurden.<br \/>\n<br \/>\nWir haben uns jedenfalls sehr \u00fcber unseren gelungenen Ausflug gefreut und werden sicherlich im Advent 2026 wiederkommen.<br \/>\n<br \/>\nVielleicht ist dann auch eine Gastronomie ( es w\u00fcrde auch ein Stand reichen) ge\u00f6ffnet, um wenigstens eine Tasse Kaffee\/Gl\u00fchwein zu trinken. <br \/>\nLeider war am Dreik\u00f6nigstag Nachmittags gar nichts ge\u00f6ffnet .<br \/>\n<br \/>\nFreundliche Gr\u00fc\u00dfe und Dankesch\u00f6n bis zum Advent 2026\n\t\t\t\t\t<\/div>\n\t\t\t\t<\/article>\n\t\t\t<\/div>\n\t\t\t<div class=\"gb-entry gb-entry_11 gb-entry-count_2 gwolle_gb_even gwolle-gb-even\" data-entry_id=\"11\">\n\t\t\t\t<article>\n\t\t\t\t\t<div class=\"gb-author-info\">\n\t\t\t\t\t\t<span class=\"gb-author-avatar\"><img referrerpolicy=\"no-referrer\" alt='Elisabeth Nagler' src='https:\/\/secure.gravatar.com\/avatar\/5732272dd5686ffc8434838a35a08284?s=32&#038;d=mm&#038;r=g' srcset='https:\/\/secure.gravatar.com\/avatar\/5732272dd5686ffc8434838a35a08284?s=64&#038;d=mm&#038;r=g 2x' class='img-responsive img-circle avatar-32 photo' height='32' width='32' \/><\/span>\n\t\t\t\t\t\t<span class=\"gb-author-name\">Elisabeth Nagler\n\t\t\t\t\t\t<\/span>\n\t\t\t\t\t\t<span class=\"gb-author-origin\">\n\t\t\t\t\t\t\t<span class=\"gb-author-origin-from-text\"> aus<\/span>\n\t\t\t\t\t\t\t<span class=\"gb-author-origin-text\"> Schnaittenbach<\/span>\n\t\t\t\t\t\t<\/span>\n\t\t\t\t\t\t<span class=\"gb-datetime\">\n\t\t\t\t\t\t\t<span class=\"gb-date\"><span class=\"gb-date-wrote-text\"> schrieb am<\/span><span class=\"gb-date-text\"> 14. Dezember 2025<\/span>\n\t\t\t\t\t\t\t<\/span><span class=\"gb-time\">\n\t\t\t\t\t\t\t\t\t<span class=\"gb-time-at-text\"> um<\/span>\n\t\t\t\t\t\t\t\t\t<span class=\"gb-time-text\"> 8:34<\/span>\n\t\t\t\t\t\t\t\t<\/span>\n\t\t\t\t\t\t<\/span> \n\t\t\t\t\t<\/div>\n\t\t\t\t\t<div class=\"gb-entry-content\">Liebe Krippenfreunde,<br \/>\n<br \/>\nmit eurem Krippenweg habt ihr wieder Gro\u00dfartiges geleistet!<br \/>\nAls Anwohner der Hauptstra\u00dfe sehen wir t\u00e4glich viele Menschen, die mit dem Flyer in der Hand durch Schnaittenbach gehen.<br \/>\nDie Vielfalt und Originalit\u00e4t der ausgestellten Krippen begeistert die Besucher und nat\u00fcrlich auch uns.<br \/>\n<br \/>\nHerzlichen Dank daf\u00fcr!<br \/>\n<br \/>\nMit besten Gr\u00fc\u00dfen <br \/>\nElisabeth und Martin Nagler\n\t\t\t\t\t<\/div>\n\t\t\t\t<\/article>\n\t\t\t<\/div>\n\t\t\t<div class=\"gb-entry gb-entry_9 gb-entry-count_3 gwolle_gb_uneven gwolle-gb-uneven\" data-entry_id=\"9\">\n\t\t\t\t<article>\n\t\t\t\t\t<div class=\"gb-author-info\">\n\t\t\t\t\t\t<span class=\"gb-author-avatar\"><img referrerpolicy=\"no-referrer\" alt='Ulrich Reindl' src='https:\/\/secure.gravatar.com\/avatar\/2cff24867c64c176c00cb7f43611c890?s=32&#038;d=mm&#038;r=g' srcset='https:\/\/secure.gravatar.com\/avatar\/2cff24867c64c176c00cb7f43611c890?s=64&#038;d=mm&#038;r=g 2x' class='img-responsive img-circle avatar-32 photo' height='32' width='32' \/><\/span>\n\t\t\t\t\t\t<span class=\"gb-author-name\"><i class=\"gb-moderator\">Ulrich Reindl<\/i>\n\t\t\t\t\t\t<\/span>\n\t\t\t\t\t\t<span class=\"gb-datetime\">\n\t\t\t\t\t\t\t<span class=\"gb-date\"><span class=\"gb-date-wrote-text\"> schrieb am<\/span><span class=\"gb-date-text\"> 26. November 2025<\/span>\n\t\t\t\t\t\t\t<\/span><span class=\"gb-time\">\n\t\t\t\t\t\t\t\t\t<span class=\"gb-time-at-text\"> um<\/span>\n\t\t\t\t\t\t\t\t\t<span class=\"gb-time-text\"> 23:15<\/span>\n\t\t\t\t\t\t\t\t<\/span>\n\t\t\t\t\t\t<\/span> \n\t\t\t\t\t<\/div>\n\t\t\t\t\t<div class=\"gb-entry-content\">Gr\u00fc\u00df Gott liebe Krippenfreunde aus Schnaittenbach und der ganzen Umgebung,<br \/>\n <br \/>\nnur noch wenige Tage und es ist wieder Advent, ein Advent mit dem 3. Schnaittenbacher Krippenweg. <br \/>\nWieder einmal sagen wir \u201eHerzlich willkommen\u201c auf unseren Seiten und auf unserem Krippenweg. <br \/>\nWenn Du den Schnaittenbacher Krippenweg oder einen Teil davon gegangen bist, dann w\u00fcrden wir uns \u00fcber einen Eintrag in unserem digitalen G\u00e4stebuch, mit dem Du Deine gewonnenen Eindr\u00fccke mit uns teilst, sehr freuen. <br \/>\nWir w\u00fcnschen Dir eine ruhige und besinnliche Advents- und Weihnachtszeit und schon jetzt ein gesegnetes und friedvolles Weihnachtsfest. <br \/>\n<br \/>\nUli Reindl, Vorsitzender der Krippenfreunde Schnaittenbach eV\n\t\t\t\t\t<\/div>\n\t\t\t\t<\/article>\n\t\t\t<\/div>\n\t\t\t<\/div><\/div>\n","protected":false},"excerpt":{"rendered":"","protected":false},"author":1,"featured_media":0,"parent":0,"menu_order":0,"comment_status":"closed","ping_status":"closed","template":"","meta":{"footnotes":""},"class_list":["post-378","page","type-page","status-publish","hentry"],"yoast_head":"<!-- This site is optimized with the Yoast SEO plugin v24.2 - https:\/\/yoast.com\/wordpress\/plugins\/seo\/ -->\n<title>G\u00e4stebuch Krippenweg - Krippenfreunde Schnaittenbach<\/title>\n<meta name=\"robots\" content=\"index, follow, max-snippet:-1, max-image-preview:large, max-video-preview:-1\" \/>\n<link rel=\"canonical\" href=\"https:\/\/krippenfreunde-schnaittenbach.de\/index.php\/gaestebuch-krippenweg\/\" \/>\n<meta property=\"og:locale\" content=\"de_DE\" \/>\n<meta property=\"og:type\" content=\"article\" \/>\n<meta property=\"og:title\" content=\"G\u00e4stebuch Krippenweg - Krippenfreunde Schnaittenbach\" \/>\n<meta property=\"og:url\" content=\"https:\/\/krippenfreunde-schnaittenbach.de\/index.php\/gaestebuch-krippenweg\/\" \/>\n<meta property=\"og:site_name\" content=\"Krippenfreunde Schnaittenbach\" \/>\n<meta property=\"article:modified_time\" content=\"2022-11-25T10:33:17+00:00\" \/>\n<meta name=\"twitter:card\" content=\"summary_large_image\" \/>\n<script type=\"application\/ld+json\" class=\"yoast-schema-graph\">{\"@context\":\"https:\/\/schema.org\",\"@graph\":[{\"@type\":\"WebPage\",\"@id\":\"https:\/\/krippenfreunde-schnaittenbach.de\/index.php\/gaestebuch-krippenweg\/\",\"url\":\"https:\/\/krippenfreunde-schnaittenbach.de\/index.php\/gaestebuch-krippenweg\/\",\"name\":\"G\u00e4stebuch Krippenweg - Krippenfreunde Schnaittenbach\",\"isPartOf\":{\"@id\":\"https:\/\/krippenfreunde-schnaittenbach.de\/#website\"},\"datePublished\":\"2020-11-17T07:37:36+00:00\",\"dateModified\":\"2022-11-25T10:33:17+00:00\",\"breadcrumb\":{\"@id\":\"https:\/\/krippenfreunde-schnaittenbach.de\/index.php\/gaestebuch-krippenweg\/#breadcrumb\"},\"inLanguage\":\"de\",\"potentialAction\":[{\"@type\":\"ReadAction\",\"target\":[\"https:\/\/krippenfreunde-schnaittenbach.de\/index.php\/gaestebuch-krippenweg\/\"]}]},{\"@type\":\"BreadcrumbList\",\"@id\":\"https:\/\/krippenfreunde-schnaittenbach.de\/index.php\/gaestebuch-krippenweg\/#breadcrumb\",\"itemListElement\":[{\"@type\":\"ListItem\",\"position\":1,\"name\":\"Startseite\",\"item\":\"https:\/\/krippenfreunde-schnaittenbach.de\/\"},{\"@type\":\"ListItem\",\"position\":2,\"name\":\"G\u00e4stebuch Krippenweg\"}]},{\"@type\":\"WebSite\",\"@id\":\"https:\/\/krippenfreunde-schnaittenbach.de\/#website\",\"url\":\"https:\/\/krippenfreunde-schnaittenbach.de\/\",\"name\":\"Krippenfreunde Schnaittenbach\",\"description\":\"\",\"publisher\":{\"@id\":\"https:\/\/krippenfreunde-schnaittenbach.de\/#organization\"},\"potentialAction\":[{\"@type\":\"SearchAction\",\"target\":{\"@type\":\"EntryPoint\",\"urlTemplate\":\"https:\/\/krippenfreunde-schnaittenbach.de\/?s={search_term_string}\"},\"query-input\":{\"@type\":\"PropertyValueSpecification\",\"valueRequired\":true,\"valueName\":\"search_term_string\"}}],\"inLanguage\":\"de\"},{\"@type\":\"Organization\",\"@id\":\"https:\/\/krippenfreunde-schnaittenbach.de\/#organization\",\"name\":\"Krippenfreunde Schnaittenbach\",\"url\":\"https:\/\/krippenfreunde-schnaittenbach.de\/\",\"logo\":{\"@type\":\"ImageObject\",\"inLanguage\":\"de\",\"@id\":\"https:\/\/krippenfreunde-schnaittenbach.de\/#\/schema\/logo\/image\/\",\"url\":\"https:\/\/krippenfreunde-schnaittenbach.de\/wp-content\/uploads\/2019\/06\/LogoLR-2.png\",\"contentUrl\":\"https:\/\/krippenfreunde-schnaittenbach.de\/wp-content\/uploads\/2019\/06\/LogoLR-2.png\",\"width\":100,\"height\":100,\"caption\":\"Krippenfreunde Schnaittenbach\"},\"image\":{\"@id\":\"https:\/\/krippenfreunde-schnaittenbach.de\/#\/schema\/logo\/image\/\"}}]}<\/script>\n<!-- \/ Yoast SEO plugin. -->","yoast_head_json":{"title":"G\u00e4stebuch Krippenweg - Krippenfreunde Schnaittenbach","robots":{"index":"index","follow":"follow","max-snippet":"max-snippet:-1","max-image-preview":"max-image-preview:large","max-video-preview":"max-video-preview:-1"},"canonical":"https:\/\/krippenfreunde-schnaittenbach.de\/index.php\/gaestebuch-krippenweg\/","og_locale":"de_DE","og_type":"article","og_title":"G\u00e4stebuch Krippenweg - Krippenfreunde Schnaittenbach","og_url":"https:\/\/krippenfreunde-schnaittenbach.de\/index.php\/gaestebuch-krippenweg\/","og_site_name":"Krippenfreunde Schnaittenbach","article_modified_time":"2022-11-25T10:33:17+00:00","twitter_card":"summary_large_image","schema":{"@context":"https:\/\/schema.org","@graph":[{"@type":"WebPage","@id":"https:\/\/krippenfreunde-schnaittenbach.de\/index.php\/gaestebuch-krippenweg\/","url":"https:\/\/krippenfreunde-schnaittenbach.de\/index.php\/gaestebuch-krippenweg\/","name":"G\u00e4stebuch Krippenweg - Krippenfreunde Schnaittenbach","isPartOf":{"@id":"https:\/\/krippenfreunde-schnaittenbach.de\/#website"},"datePublished":"2020-11-17T07:37:36+00:00","dateModified":"2022-11-25T10:33:17+00:00","breadcrumb":{"@id":"https:\/\/krippenfreunde-schnaittenbach.de\/index.php\/gaestebuch-krippenweg\/#breadcrumb"},"inLanguage":"de","potentialAction":[{"@type":"ReadAction","target":["https:\/\/krippenfreunde-schnaittenbach.de\/index.php\/gaestebuch-krippenweg\/"]}]},{"@type":"BreadcrumbList","@id":"https:\/\/krippenfreunde-schnaittenbach.de\/index.php\/gaestebuch-krippenweg\/#breadcrumb","itemListElement":[{"@type":"ListItem","position":1,"name":"Startseite","item":"https:\/\/krippenfreunde-schnaittenbach.de\/"},{"@type":"ListItem","position":2,"name":"G\u00e4stebuch Krippenweg"}]},{"@type":"WebSite","@id":"https:\/\/krippenfreunde-schnaittenbach.de\/#website","url":"https:\/\/krippenfreunde-schnaittenbach.de\/","name":"Krippenfreunde Schnaittenbach","description":"","publisher":{"@id":"https:\/\/krippenfreunde-schnaittenbach.de\/#organization"},"potentialAction":[{"@type":"SearchAction","target":{"@type":"EntryPoint","urlTemplate":"https:\/\/krippenfreunde-schnaittenbach.de\/?s={search_term_string}"},"query-input":{"@type":"PropertyValueSpecification","valueRequired":true,"valueName":"search_term_string"}}],"inLanguage":"de"},{"@type":"Organization","@id":"https:\/\/krippenfreunde-schnaittenbach.de\/#organization","name":"Krippenfreunde Schnaittenbach","url":"https:\/\/krippenfreunde-schnaittenbach.de\/","logo":{"@type":"ImageObject","inLanguage":"de","@id":"https:\/\/krippenfreunde-schnaittenbach.de\/#\/schema\/logo\/image\/","url":"https:\/\/krippenfreunde-schnaittenbach.de\/wp-content\/uploads\/2019\/06\/LogoLR-2.png","contentUrl":"https:\/\/krippenfreunde-schnaittenbach.de\/wp-content\/uploads\/2019\/06\/LogoLR-2.png","width":100,"height":100,"caption":"Krippenfreunde Schnaittenbach"},"image":{"@id":"https:\/\/krippenfreunde-schnaittenbach.de\/#\/schema\/logo\/image\/"}}]}},"_links":{"self":[{"href":"https:\/\/krippenfreunde-schnaittenbach.de\/index.php\/wp-json\/wp\/v2\/pages\/378","targetHints":{"allow":["GET"]}}],"collection":[{"href":"https:\/\/krippenfreunde-schnaittenbach.de\/index.php\/wp-json\/wp\/v2\/pages"}],"about":[{"href":"https:\/\/krippenfreunde-schnaittenbach.de\/index.php\/wp-json\/wp\/v2\/types\/page"}],"author":[{"embeddable":true,"href":"https:\/\/krippenfreunde-schnaittenbach.de\/index.php\/wp-json\/wp\/v2\/users\/1"}],"replies":[{"embeddable":true,"href":"https:\/\/krippenfreunde-schnaittenbach.de\/index.php\/wp-json\/wp\/v2\/comments?post=378"}],"version-history":[{"count":1,"href":"https:\/\/krippenfreunde-schnaittenbach.de\/index.php\/wp-json\/wp\/v2\/pages\/378\/revisions"}],"predecessor-version":[{"id":379,"href":"https:\/\/krippenfreunde-schnaittenbach.de\/index.php\/wp-json\/wp\/v2\/pages\/378\/revisions\/379"}],"wp:attachment":[{"href":"https:\/\/krippenfreunde-schnaittenbach.de\/index.php\/wp-json\/wp\/v2\/media?parent=378"}],"curies":[{"name":"wp","href":"https:\/\/api.w.org\/{rel}","templated":true}]}}